{"id":16,"date":"2021-12-27T13:56:30","date_gmt":"2021-12-27T12:56:30","guid":{"rendered":"https:\/\/matribu.sygraf.fr\/?page_id=16"},"modified":"2022-02-21T16:06:59","modified_gmt":"2022-02-21T15:06:59","slug":"blog","status":"publish","type":"page","link":"https:\/\/matribu.sygraf.fr\/?page_id=16","title":{"rendered":"Pr\u00e9paratifs"},"content":{"rendered":"\n<p class=\"has-accent-1-color has-text-color has-large-font-size\"><strong>Pr\u00e9paratifs<\/strong><\/p>\n\n\n\n<div class=\"wp-block-media-text alignwide has-media-on-the-right is-stacked-on-mobile\"><figure class=\"wp-block-media-text__media\"><img loading=\"lazy\" width=\"360\" height=\"202\" src=\"https:\/\/matribu.sygraf.fr\/wp-content\/uploads\/2022\/02\/plaque-en-bois-vous-etes-au-bon-endroit-fond-noir.jpg\" alt=\"\" class=\"wp-image-355 size-full\" srcset=\"https:\/\/matribu.sygraf.fr\/wp-content\/uploads\/2022\/02\/plaque-en-bois-vous-etes-au-bon-endroit-fond-noir.jpg 360w, https:\/\/matribu.sygraf.fr\/wp-content\/uploads\/2022\/02\/plaque-en-bois-vous-etes-au-bon-endroit-fond-noir-300x168.jpg 300w\" sizes=\"(max-width: 360px) 100vw, 360px\" \/><\/figure><div class=\"wp-block-media-text__content\">\n<p class=\"has-normal-font-size\">Ici, aucun filtre, on vous dit tout, afin de <strong>vous partager notre exp\u00e9rience de \u00ab\u00a0Travel with my tribe\u00a0\u00bb<\/strong>, car Matt et moi-m\u00eame, nous nous sommes pos\u00e9s \u00e9norm\u00e9ment de questions sur l&rsquo;organisation de ce voyage avec nos enfants. <\/p>\n\n\n\n<p class=\"has-normal-font-size\">Partir \u00e0 deux ou \u00e0 quatre est compl\u00e8tement diff\u00e9rent, car plusieurs sujets viennent ce greffer \u00e0 notre aventure : l&rsquo;\u00e9cole et l&rsquo;instruction, la sant\u00e9 d&rsquo;autant plus en p\u00e9riode Covid, les \u00e9l\u00e9ments \u00e0 prendre en compte pour \u00eatre en r\u00e8gle dans les pays travers\u00e9s. Cette partie l\u00e0, nous sommes bien d&rsquo;accord est avant m\u00eame d&rsquo;imaginer \u00eatre dans le Pays choisi&#8230;<\/p>\n<\/div><\/div>\n\n\n\n<div class=\"wp-block-image\"><figure class=\"aligncenter size-large\"><img loading=\"lazy\" width=\"843\" height=\"1024\" src=\"https:\/\/matribu.sygraf.fr\/wp-content\/uploads\/2022\/01\/Logo-travel-with-my-tribe-ind-2-843x1024.jpg\" alt=\"\" class=\"wp-image-57\" srcset=\"https:\/\/matribu.sygraf.fr\/wp-content\/uploads\/2022\/01\/Logo-travel-with-my-tribe-ind-2-843x1024.jpg 843w, https:\/\/matribu.sygraf.fr\/wp-content\/uploads\/2022\/01\/Logo-travel-with-my-tribe-ind-2-247x300.jpg 247w, https:\/\/matribu.sygraf.fr\/wp-content\/uploads\/2022\/01\/Logo-travel-with-my-tribe-ind-2-768x933.jpg 768w, https:\/\/matribu.sygraf.fr\/wp-content\/uploads\/2022\/01\/Logo-travel-with-my-tribe-ind-2-1265x1536.jpg 1265w, https:\/\/matribu.sygraf.fr\/wp-content\/uploads\/2022\/01\/Logo-travel-with-my-tribe-ind-2.jpg 1459w\" sizes=\"(max-width: 843px) 100vw, 843px\" \/><\/figure><\/div>\n\n\n\n<p><\/p>\n","protected":false},"excerpt":{"rendered":"<p>Pr\u00e9paratifs Ici, aucun filtre, on vous dit tout, afin de vous partager notre exp\u00e9rience de \u00ab\u00a0Travel with my tribe\u00a0\u00bb, car Matt et moi-m\u00eame, nous nous &hellip;<\/p>\n","protected":false},"author":1,"featured_media":349,"parent":0,"menu_order":0,"comment_status":"closed","ping_status":"closed","template":"","meta":[],"_links":{"self":[{"href":"https:\/\/matribu.sygraf.fr\/index.php?rest_route=\/wp\/v2\/pages\/16"}],"collection":[{"href":"https:\/\/matribu.sygraf.fr\/index.php?rest_route=\/wp\/v2\/pages"}],"about":[{"href":"https:\/\/matribu.sygraf.fr\/index.php?rest_route=\/wp\/v2\/types\/page"}],"author":[{"embeddable":true,"href":"https:\/\/matribu.sygraf.fr\/index.php?rest_route=\/wp\/v2\/users\/1"}],"replies":[{"embeddable":true,"href":"https:\/\/matribu.sygraf.fr\/index.php?rest_route=%2Fwp%2Fv2%2Fcomments&post=16"}],"version-history":[{"count":14,"href":"https:\/\/matribu.sygraf.fr\/index.php?rest_route=\/wp\/v2\/pages\/16\/revisions"}],"predecessor-version":[{"id":517,"href":"https:\/\/matribu.sygraf.fr\/index.php?rest_route=\/wp\/v2\/pages\/16\/revisions\/517"}],"wp:featuredmedia":[{"embeddable":true,"href":"https:\/\/matribu.sygraf.fr\/index.php?rest_route=\/wp\/v2\/media\/349"}],"wp:attachment":[{"href":"https:\/\/matribu.sygraf.fr\/index.php?rest_route=%2Fwp%2Fv2%2Fmedia&parent=16"}],"curies":[{"name":"wp","href":"https:\/\/api.w.org\/{rel}","templated":true}]}}