{"id":2,"date":"2021-12-27T13:35:35","date_gmt":"2021-12-27T12:35:35","guid":{"rendered":"http:\/\/matribu.sygraf.fr\/?page_id=2"},"modified":"2022-02-21T15:54:02","modified_gmt":"2022-02-21T14:54:02","slug":"page-d-exemple","status":"publish","type":"page","link":"https:\/\/matribu.sygraf.fr\/?page_id=2","title":{"rendered":"Destinations"},"content":{"rendered":"\n<p class=\"has-accent-1-color has-text-color has-large-font-size\"><strong>On en parle enfin?<\/strong><\/p>\n\n\n\n<p>Apr\u00e8s avoir g\u00e9r\u00e9 la partie instruction des enfants, il fallait tout de m\u00eame <strong>se concentrer sur les destinations.<\/strong><\/p>\n\n\n\n<p><\/p>\n\n\n\n<div class=\"wp-block-media-text alignwide is-stacked-on-mobile\" style=\"grid-template-columns:25% auto\"><figure class=\"wp-block-media-text__media\"><img loading=\"lazy\" width=\"225\" height=\"225\" src=\"https:\/\/matribu.sygraf.fr\/wp-content\/uploads\/2022\/01\/telechargement-3.jpeg\" alt=\"\" class=\"wp-image-231 size-full\" srcset=\"https:\/\/matribu.sygraf.fr\/wp-content\/uploads\/2022\/01\/telechargement-3.jpeg 225w, https:\/\/matribu.sygraf.fr\/wp-content\/uploads\/2022\/01\/telechargement-3-150x150.jpeg 150w\" sizes=\"(max-width: 225px) 100vw, 225px\" \/><\/figure><div class=\"wp-block-media-text__content\">\n<p>Vous ne pouvez m\u00eame pas imaginer le nombre de fois, lorsque nous \u00e9tions \u00e0 table, nous disions&nbsp;:&nbsp;\u00ab&nbsp;Alors, on part o\u00f9&nbsp;?&nbsp;\u00bb<\/p>\n\n\n\n<p>Je vous avoue que la p\u00e9riode COVID ne nous a pas du tout aid\u00e9 dans ce sens l\u00e0. Mais \u00e9tait-ce l\u00e0 l\u2019enjeu de ce voyage&nbsp;?<\/p>\n<\/div><\/div>\n\n\n\n<div class=\"wp-block-image\"><figure class=\"aligncenter size-large\"><img loading=\"lazy\" width=\"1024\" height=\"727\" src=\"https:\/\/matribu.sygraf.fr\/wp-content\/uploads\/2022\/01\/Illustrations-voyage-1-1024x727.jpg\" alt=\"\" class=\"wp-image-283\" srcset=\"https:\/\/matribu.sygraf.fr\/wp-content\/uploads\/2022\/01\/Illustrations-voyage-1-1024x727.jpg 1024w, https:\/\/matribu.sygraf.fr\/wp-content\/uploads\/2022\/01\/Illustrations-voyage-1-300x213.jpg 300w, https:\/\/matribu.sygraf.fr\/wp-content\/uploads\/2022\/01\/Illustrations-voyage-1-768x546.jpg 768w, https:\/\/matribu.sygraf.fr\/wp-content\/uploads\/2022\/01\/Illustrations-voyage-1-1536x1091.jpg 1536w, https:\/\/matribu.sygraf.fr\/wp-content\/uploads\/2022\/01\/Illustrations-voyage-1-421x300.jpg 421w, https:\/\/matribu.sygraf.fr\/wp-content\/uploads\/2022\/01\/Illustrations-voyage-1.jpg 1747w\" sizes=\"(max-width: 1024px) 100vw, 1024px\" \/><\/figure><\/div>\n","protected":false},"excerpt":{"rendered":"<p>On en parle enfin? Apr\u00e8s avoir g\u00e9r\u00e9 la partie instruction des enfants, il fallait tout de m\u00eame se concentrer sur les destinations. Vous ne pouvez &hellip;<\/p>\n","protected":false},"author":1,"featured_media":128,"parent":0,"menu_order":0,"comment_status":"closed","ping_status":"open","template":"","meta":[],"_links":{"self":[{"href":"https:\/\/matribu.sygraf.fr\/index.php?rest_route=\/wp\/v2\/pages\/2"}],"collection":[{"href":"https:\/\/matribu.sygraf.fr\/index.php?rest_route=\/wp\/v2\/pages"}],"about":[{"href":"https:\/\/matribu.sygraf.fr\/index.php?rest_route=\/wp\/v2\/types\/page"}],"author":[{"embeddable":true,"href":"https:\/\/matribu.sygraf.fr\/index.php?rest_route=\/wp\/v2\/users\/1"}],"replies":[{"embeddable":true,"href":"https:\/\/matribu.sygraf.fr\/index.php?rest_route=%2Fwp%2Fv2%2Fcomments&post=2"}],"version-history":[{"count":19,"href":"https:\/\/matribu.sygraf.fr\/index.php?rest_route=\/wp\/v2\/pages\/2\/revisions"}],"predecessor-version":[{"id":495,"href":"https:\/\/matribu.sygraf.fr\/index.php?rest_route=\/wp\/v2\/pages\/2\/revisions\/495"}],"wp:featuredmedia":[{"embeddable":true,"href":"https:\/\/matribu.sygraf.fr\/index.php?rest_route=\/wp\/v2\/media\/128"}],"wp:attachment":[{"href":"https:\/\/matribu.sygraf.fr\/index.php?rest_route=%2Fwp%2Fv2%2Fmedia&parent=2"}],"curies":[{"name":"wp","href":"https:\/\/api.w.org\/{rel}","templated":true}]}}