{"id":416,"date":"2022-02-21T13:38:01","date_gmt":"2022-02-21T12:38:01","guid":{"rendered":"https:\/\/matribu.sygraf.fr\/?page_id=416"},"modified":"2022-02-21T16:14:04","modified_gmt":"2022-02-21T15:14:04","slug":"recit","status":"publish","type":"page","link":"https:\/\/matribu.sygraf.fr\/?page_id=416","title":{"rendered":"Carnet de voyage"},"content":{"rendered":"\n<p class=\"has-accent-1-color has-text-color has-large-font-size\"><strong>Carnet de voyage<\/strong><\/p>\n\n\n\n<div class=\"wp-block-media-text alignwide is-stacked-on-mobile\"><figure class=\"wp-block-media-text__media\"><img loading=\"lazy\" width=\"1024\" height=\"456\" src=\"https:\/\/matribu.sygraf.fr\/wp-content\/uploads\/2022\/02\/tampon-bois-carnet-de-voyage-1024x456.jpg\" alt=\"\" class=\"wp-image-430 size-full\" srcset=\"https:\/\/matribu.sygraf.fr\/wp-content\/uploads\/2022\/02\/tampon-bois-carnet-de-voyage-1024x456.jpg 1024w, https:\/\/matribu.sygraf.fr\/wp-content\/uploads\/2022\/02\/tampon-bois-carnet-de-voyage-300x133.jpg 300w, https:\/\/matribu.sygraf.fr\/wp-content\/uploads\/2022\/02\/tampon-bois-carnet-de-voyage-768x342.jpg 768w, https:\/\/matribu.sygraf.fr\/wp-content\/uploads\/2022\/02\/tampon-bois-carnet-de-voyage-421x187.jpg 421w, https:\/\/matribu.sygraf.fr\/wp-content\/uploads\/2022\/02\/tampon-bois-carnet-de-voyage.jpg 1063w\" sizes=\"(max-width: 1024px) 100vw, 1024px\" \/><\/figure><div class=\"wp-block-media-text__content\">\n<p class=\"has-normal-font-size\">Vous souhaitez en apprendre un peu plus sur notre voyage, les curiosit\u00e9s rencontr\u00e9es, et les rencontres humaines ? <strong>Suivez-nous au fil des jours&#8230;<\/strong><\/p>\n<\/div><\/div>\n\n\n\n<p>L&rsquo;id\u00e9e de ce voyage est aussi de <strong>partager nos rencontres, nos \u00e9merveillements face \u00e0 une culture bien diff\u00e9rente de la n\u00f4tre, mais aussi prendre conscience de notre terre et de ses limites&#8230; <\/strong>Du coup, tous les sujets pourront y \u00eatre abord\u00e9s.<\/p>\n\n\n\n<blockquote class=\"wp-block-quote has-text-align-center is-style-large\"><p>Cette aventure est avant tout une parenth\u00e8se dans notre vie, que nous avons \u00e0 c\u0153ur de partager avec nos proches et notre entourage.<\/p><\/blockquote>\n\n\n\n<div class=\"wp-block-image\"><figure class=\"aligncenter size-full\"><img loading=\"lazy\" width=\"1024\" height=\"577\" src=\"https:\/\/matribu.sygraf.fr\/wp-content\/uploads\/2022\/02\/15387752895_60079ab4fb_b.jpg\" alt=\"\" class=\"wp-image-352\" srcset=\"https:\/\/matribu.sygraf.fr\/wp-content\/uploads\/2022\/02\/15387752895_60079ab4fb_b.jpg 1024w, https:\/\/matribu.sygraf.fr\/wp-content\/uploads\/2022\/02\/15387752895_60079ab4fb_b-300x169.jpg 300w, https:\/\/matribu.sygraf.fr\/wp-content\/uploads\/2022\/02\/15387752895_60079ab4fb_b-768x433.jpg 768w, https:\/\/matribu.sygraf.fr\/wp-content\/uploads\/2022\/02\/15387752895_60079ab4fb_b-421x237.jpg 421w\" sizes=\"(max-width: 1024px) 100vw, 1024px\" \/><\/figure><\/div>\n","protected":false},"excerpt":{"rendered":"<p>Carnet de voyage Vous souhaitez en apprendre un peu plus sur notre voyage, les curiosit\u00e9s rencontr\u00e9es, et les rencontres humaines ? Suivez-nous au fil des &hellip;<\/p>\n","protected":false},"author":1,"featured_media":428,"parent":0,"menu_order":0,"comment_status":"closed","ping_status":"closed","template":"","meta":[],"_links":{"self":[{"href":"https:\/\/matribu.sygraf.fr\/index.php?rest_route=\/wp\/v2\/pages\/416"}],"collection":[{"href":"https:\/\/matribu.sygraf.fr\/index.php?rest_route=\/wp\/v2\/pages"}],"about":[{"href":"https:\/\/matribu.sygraf.fr\/index.php?rest_route=\/wp\/v2\/types\/page"}],"author":[{"embeddable":true,"href":"https:\/\/matribu.sygraf.fr\/index.php?rest_route=\/wp\/v2\/users\/1"}],"replies":[{"embeddable":true,"href":"https:\/\/matribu.sygraf.fr\/index.php?rest_route=%2Fwp%2Fv2%2Fcomments&post=416"}],"version-history":[{"count":7,"href":"https:\/\/matribu.sygraf.fr\/index.php?rest_route=\/wp\/v2\/pages\/416\/revisions"}],"predecessor-version":[{"id":525,"href":"https:\/\/matribu.sygraf.fr\/index.php?rest_route=\/wp\/v2\/pages\/416\/revisions\/525"}],"wp:featuredmedia":[{"embeddable":true,"href":"https:\/\/matribu.sygraf.fr\/index.php?rest_route=\/wp\/v2\/media\/428"}],"wp:attachment":[{"href":"https:\/\/matribu.sygraf.fr\/index.php?rest_route=%2Fwp%2Fv2%2Fmedia&parent=416"}],"curies":[{"name":"wp","href":"https:\/\/api.w.org\/{rel}","templated":true}]}}