{"id":446,"date":"2022-02-21T14:45:37","date_gmt":"2022-02-21T13:45:37","guid":{"rendered":"https:\/\/matribu.sygraf.fr\/?page_id=446"},"modified":"2022-02-21T15:27:46","modified_gmt":"2022-02-21T14:27:46","slug":"notre-projet","status":"publish","type":"page","link":"https:\/\/matribu.sygraf.fr\/?page_id=446","title":{"rendered":"Notre projet"},"content":{"rendered":"\n<p class=\"has-accent-1-color has-text-color has-large-font-size\"><strong>Notre projet<\/strong><\/p>\n\n\n\n<p class=\"has-normal-font-size\">Depuis que nos enfants sont petits, nous avons toujours eu cette chance de voyager avec eux et avec notre van&nbsp;: <strong>le Hippie Geek<\/strong>. Cela fait d\u00e9j\u00e0 8 ans que nous sillonnons les routes, les lieux insolites, les parcs, les r\u00e9serves, les plages, les capitales\u2026 des lieux qui remplissent notre esprit de belles choses.<\/p>\n\n\n\n<p class=\"has-normal-font-size\">Les roadtrips de plusieurs semaines, les week-ends, les sorties, ont fait que nous <strong>appr\u00e9cions ces moments de d\u00e9connexion<\/strong> d\u2019autant plus qu\u2019ils sont b\u00e9n\u00e9fiques \u00e0 tous, aussi bien pour notre mental, que notre culture personnelle.<\/p>\n\n\n\n<div class=\"wp-block-image\"><figure class=\"aligncenter size-large\"><img loading=\"lazy\" width=\"1024\" height=\"768\" src=\"https:\/\/matribu.sygraf.fr\/wp-content\/uploads\/2022\/01\/IMG_20160803_191318-1024x768.jpg\" alt=\"\" class=\"wp-image-228\" srcset=\"https:\/\/matribu.sygraf.fr\/wp-content\/uploads\/2022\/01\/IMG_20160803_191318-1024x768.jpg 1024w, https:\/\/matribu.sygraf.fr\/wp-content\/uploads\/2022\/01\/IMG_20160803_191318-300x225.jpg 300w, https:\/\/matribu.sygraf.fr\/wp-content\/uploads\/2022\/01\/IMG_20160803_191318-768x576.jpg 768w, https:\/\/matribu.sygraf.fr\/wp-content\/uploads\/2022\/01\/IMG_20160803_191318-400x300.jpg 400w, https:\/\/matribu.sygraf.fr\/wp-content\/uploads\/2022\/01\/IMG_20160803_191318.jpg 1417w\" sizes=\"(max-width: 1024px) 100vw, 1024px\" \/><\/figure><\/div>\n\n\n\n<p class=\"has-text-align-center has-normal-font-size\"><\/p>\n\n\n\n<blockquote class=\"wp-block-quote has-text-align-center is-style-large\"><p>\u00ab\u00a0<strong>Le voyage fait partie de notre point de vue&nbsp;: une mani\u00e8re de s\u2019ouvrir \u00e0 l\u2019autre.<\/strong>\u00ab\u00a0<\/p><\/blockquote>\n\n\n\n<p class=\"has-normal-font-size\"><\/p>\n\n\n\n<div class=\"wp-block-media-text alignwide is-stacked-on-mobile\"><figure class=\"wp-block-media-text__media\"><img loading=\"lazy\" width=\"1459\" height=\"1772\" src=\"https:\/\/matribu.sygraf.fr\/wp-content\/uploads\/2022\/01\/Logo-travel-with-my-tribe-ind-2.jpg\" alt=\"\" class=\"wp-image-57 size-full\" srcset=\"https:\/\/matribu.sygraf.fr\/wp-content\/uploads\/2022\/01\/Logo-travel-with-my-tribe-ind-2.jpg 1459w, https:\/\/matribu.sygraf.fr\/wp-content\/uploads\/2022\/01\/Logo-travel-with-my-tribe-ind-2-247x300.jpg 247w, https:\/\/matribu.sygraf.fr\/wp-content\/uploads\/2022\/01\/Logo-travel-with-my-tribe-ind-2-843x1024.jpg 843w, https:\/\/matribu.sygraf.fr\/wp-content\/uploads\/2022\/01\/Logo-travel-with-my-tribe-ind-2-768x933.jpg 768w, https:\/\/matribu.sygraf.fr\/wp-content\/uploads\/2022\/01\/Logo-travel-with-my-tribe-ind-2-1265x1536.jpg 1265w\" sizes=\"(max-width: 1459px) 100vw, 1459px\" \/><\/figure><div class=\"wp-block-media-text__content\">\n<p class=\"has-normal-font-size\">Ainsi, il nous parait en tant que parents, important d\u2019aider nos enfants dans leur \u00e9ducation \u00e0 travers leur scolarit\u00e9, mais aussi \u00e0 travers \u00ab&nbsp;L\u2019autre&nbsp;\u00bb.<\/p>\n\n\n\n<p class=\"has-normal-font-size\">Nous sommes tous \u00ab&nbsp;un Autre&nbsp;\u00bb pour quelqu\u2019un, et c\u2019est \u00e0 travers le voyage que nous avions envie de d\u00e9montrer cela \u00e0 nos enfants.<\/p>\n\n\n\n<p class=\"has-normal-font-size\">La vie \u00e9tant remplie de surprises, ce projet a commenc\u00e9 \u00e0 germer en pleine p\u00e9riode de covid\u2026 Difficile effectivement de se projeter, et d\u2019imaginer la ou les destinations que nous souhaitions r\u00e9aliser. Mais une chose est s\u00fbre, c\u2019est que ce voyage nous apprendra \u00e0 \u00eatre adaptable.<\/p>\n<\/div><\/div>\n\n\n\n<p class=\"has-large-font-size\"><\/p>\n","protected":false},"excerpt":{"rendered":"<p>Notre projet Depuis que nos enfants sont petits, nous avons toujours eu cette chance de voyager avec eux et avec notre van&nbsp;: le Hippie Geek. &hellip;<\/p>\n","protected":false},"author":1,"featured_media":473,"parent":0,"menu_order":0,"comment_status":"closed","ping_status":"closed","template":"","meta":[],"_links":{"self":[{"href":"https:\/\/matribu.sygraf.fr\/index.php?rest_route=\/wp\/v2\/pages\/446"}],"collection":[{"href":"https:\/\/matribu.sygraf.fr\/index.php?rest_route=\/wp\/v2\/pages"}],"about":[{"href":"https:\/\/matribu.sygraf.fr\/index.php?rest_route=\/wp\/v2\/types\/page"}],"author":[{"embeddable":true,"href":"https:\/\/matribu.sygraf.fr\/index.php?rest_route=\/wp\/v2\/users\/1"}],"replies":[{"embeddable":true,"href":"https:\/\/matribu.sygraf.fr\/index.php?rest_route=%2Fwp%2Fv2%2Fcomments&post=446"}],"version-history":[{"count":4,"href":"https:\/\/matribu.sygraf.fr\/index.php?rest_route=\/wp\/v2\/pages\/446\/revisions"}],"predecessor-version":[{"id":454,"href":"https:\/\/matribu.sygraf.fr\/index.php?rest_route=\/wp\/v2\/pages\/446\/revisions\/454"}],"wp:featuredmedia":[{"embeddable":true,"href":"https:\/\/matribu.sygraf.fr\/index.php?rest_route=\/wp\/v2\/media\/473"}],"wp:attachment":[{"href":"https:\/\/matribu.sygraf.fr\/index.php?rest_route=%2Fwp%2Fv2%2Fmedia&parent=446"}],"curies":[{"name":"wp","href":"https:\/\/api.w.org\/{rel}","templated":true}]}}