{"id":455,"date":"2022-02-21T14:51:28","date_gmt":"2022-02-21T13:51:28","guid":{"rendered":"https:\/\/matribu.sygraf.fr\/?page_id=455"},"modified":"2022-02-21T15:10:09","modified_gmt":"2022-02-21T14:10:09","slug":"pourquoi-voyager-avec-notre-tribu","status":"publish","type":"page","link":"https:\/\/matribu.sygraf.fr\/?page_id=455","title":{"rendered":"Pourquoi voyager avec notre tribu?"},"content":{"rendered":"\n<p class=\"has-accent-1-color has-text-color has-large-font-size\"><strong>Pourquoi voyager avec notre tribu?<\/strong><\/p>\n\n\n\n<p class=\"has-text-align-center\"><\/p>\n\n\n\n<div class=\"wp-block-cover has-background-dim has-custom-content-position is-position-top-left\"><img loading=\"lazy\" width=\"449\" height=\"323\" class=\"wp-block-cover__image-background wp-image-154\" alt=\"\" src=\"https:\/\/matribu.sygraf.fr\/wp-content\/uploads\/2022\/01\/3115251445_1_9_8GMuWMBy-e1457998487562.jpg\" data-object-fit=\"cover\" srcset=\"https:\/\/matribu.sygraf.fr\/wp-content\/uploads\/2022\/01\/3115251445_1_9_8GMuWMBy-e1457998487562.jpg 449w, https:\/\/matribu.sygraf.fr\/wp-content\/uploads\/2022\/01\/3115251445_1_9_8GMuWMBy-e1457998487562-300x216.jpg 300w, https:\/\/matribu.sygraf.fr\/wp-content\/uploads\/2022\/01\/3115251445_1_9_8GMuWMBy-e1457998487562-417x300.jpg 417w\" sizes=\"(max-width: 449px) 100vw, 449px\" \/><div class=\"wp-block-cover__inner-container\">\n<blockquote class=\"wp-block-quote has-text-align-center is-style-default\"><p> <strong>\u00ab\u00a0Voyager fait r\u00eaver, cela nous permet de nous \u00e9vader et prendre conscience de notre terre.\u00a0\u00bb Notre tribu est la plus \u00e0 m\u00eame de prendre conscience du mot <strong>\u00ab\u00a0voyage\u00a0\u00bb.<\/strong><\/strong><\/p><\/blockquote>\n\n\n\n<p class=\"has-text-align-right\">  <\/p>\n<\/div><\/div>\n\n\n\n<p><\/p>\n\n\n\n<p><\/p>\n\n\n\n<div class=\"wp-block-image\"><figure class=\"alignleft size-medium is-resized\"><img loading=\"lazy\" src=\"https:\/\/matribu.sygraf.fr\/wp-content\/uploads\/2022\/01\/Definition-teletravail-quebec-1-300x200.jpg\" alt=\"\" class=\"wp-image-173\" width=\"303\" height=\"202\" srcset=\"https:\/\/matribu.sygraf.fr\/wp-content\/uploads\/2022\/01\/Definition-teletravail-quebec-1-300x200.jpg 300w, https:\/\/matribu.sygraf.fr\/wp-content\/uploads\/2022\/01\/Definition-teletravail-quebec-1-768x512.jpg 768w, https:\/\/matribu.sygraf.fr\/wp-content\/uploads\/2022\/01\/Definition-teletravail-quebec-1-421x281.jpg 421w, https:\/\/matribu.sygraf.fr\/wp-content\/uploads\/2022\/01\/Definition-teletravail-quebec-1.jpg 900w\" sizes=\"(max-width: 303px) 100vw, 303px\" \/><\/figure><\/div>\n\n\n\n<p class=\"has-accent-2-color has-text-color\"><strong>Petit point \u00e9tymologie du mot voyage&nbsp;:<\/strong><\/p>\n\n\n\n<p><em>Le mot \u00ab&nbsp;voyage&nbsp;\u00bb vient du latin&nbsp;viaticum, qui signifie <\/em><strong><em>\u00ab&nbsp;provisions de voyage, argent pour le voyage&nbsp;\u00bb.<\/em>&nbsp;<\/strong><\/p>\n\n\n\n<p><em>Viaticum&nbsp;est la forme neutre de&nbsp;viaticus, \u00ab&nbsp;de voyage&nbsp;\u00bb, qui vient lui-m\u00eame de&nbsp;via, \u00ab&nbsp;la route&nbsp;\u00bb ou \u00ab&nbsp;le chemin&nbsp;\u00bb. Puis le terme a \u00e9volu\u00e9 pour d\u00e9signer, au figur\u00e9, les \u00ab&nbsp;ressources ou provisions&nbsp;\u00bb et enfin, le \u00ab&nbsp;voyage&nbsp;\u00bb tel qu\u2019on le connait aujourd\u2019hui. (<a href=\"https:\/\/www.lefrancais.eu\/histoire-du-mot-voyage\/\">https:\/\/www.lefrancais.eu\/histoire-du-mot-voyage\/<\/a>)<\/em><\/p>\n\n\n\n<p>Voil\u00e0 une information int\u00e9ressante, et sur laquelle je rebondis suivant notre philosophie familiale&nbsp;: <strong>voyager c\u2019est r\u00e9aliser des provisions, de cultures, d\u2019histoires, de paysages, de nourritures, de sensations, d\u2019\u00e9motions\u2026.<\/strong><\/p>\n\n\n\n<div class=\"wp-block-image\"><figure class=\"aligncenter size-full\"><img loading=\"lazy\" width=\"724\" height=\"847\" src=\"https:\/\/matribu.sygraf.fr\/wp-content\/uploads\/2022\/01\/citations-voyage-decouvrir-ensemble-25-724x1024-1.jpg\" alt=\"\" class=\"wp-image-178\" srcset=\"https:\/\/matribu.sygraf.fr\/wp-content\/uploads\/2022\/01\/citations-voyage-decouvrir-ensemble-25-724x1024-1.jpg 724w, https:\/\/matribu.sygraf.fr\/wp-content\/uploads\/2022\/01\/citations-voyage-decouvrir-ensemble-25-724x1024-1-256x300.jpg 256w\" sizes=\"(max-width: 724px) 100vw, 724px\" \/><\/figure><\/div>\n\n\n\n<p><strong>Vous l\u2019avez compris, Voyager est une possibilit\u00e9 de s\u2019enrichir humainement.<\/strong><\/p>\n\n\n\n<p>Alors, bien \u00e9videmment, qu\u2019il nous parait important d\u2019int\u00e9grer notre tribu dans cette aventure. Le voyage c\u2019est en apprendre plus sur soi et sur les autres&nbsp;!<\/p>\n\n\n\n<p>D\u2019un point de vue p\u00e9dagogique, le voyage offrira \u00e0 nos enfants de nombreux objectifs&nbsp;:<\/p>\n\n\n\n<ul><li>Il aurait \u00e0 notre sens la possibilit\u00e9 de<strong> pr\u00e9parer nos enfants \u00e0 la vie sociale et citoyenne<\/strong> qu\u2019ils vont conna\u00eetre durant toute leur vie et au travers de diff\u00e9rentes cultures.<\/li><li>Il leur serait une ouverture vers le fait d\u2019<strong>apprendre \u00e0 vivre ensemble<\/strong>.<\/li><li>Il offrirait un <strong>engagement dans la vie collective<\/strong>, notamment \u00e0 travers les diff\u00e9rentes cultures rencontr\u00e9es.<\/li><li>Il serait la source d\u2019un <strong>apprentissage linguistique favorable<\/strong> pour leur vie de demain.<\/li><li>Il donnerait l\u2019occasion \u00e0 nos enfants de <strong>s\u2019\u00e9panouir et de grandir personnellement<\/strong>, ainsi que vis-\u00e0-vis des autres.<\/li><li>Il leur<strong> ouvrirait la voie des possibles<\/strong> et tendre vers davantage d\u2019autonomie.<\/li><li>Il permettrait de leur faire <strong>d\u00e9couvrir d\u2019autres civilisations, cultures<\/strong>, mais \u00e9galement d\u2019autres types de paysages ou de milieux.<\/li><li>Il serait la possibilit\u00e9 de <strong>s\u2019ouvrir sur nos limites g\u00e9ographiques<\/strong> et comprendre un peu mieux le monde dans lequel nous \u00e9voluons.<\/li><li><\/li><\/ul>\n\n\n\n<p><\/p>\n\n\n\n<p class=\"has-accent-1-color has-text-color has-large-font-size\"><strong>Les b\u00e9n\u00e9fices de ce voyage pour la scolarit\u00e9 de notre tribu&nbsp;<\/strong><\/p>\n\n\n\n<p class=\"has-accent-2-color has-text-color\"><strong>Pour notre fille L\u00e9a en classe de 5<sup>\u00e8me<\/sup>&nbsp;:<\/strong><\/p>\n\n\n\n<div class=\"wp-block-media-text alignwide has-media-on-the-right is-stacked-on-mobile\"><figure class=\"wp-block-media-text__media\"><img loading=\"lazy\" width=\"576\" height=\"1024\" src=\"https:\/\/matribu.sygraf.fr\/wp-content\/uploads\/2022\/01\/IMG_3663-576x1024.jpg\" alt=\"\" class=\"wp-image-201 size-full\" srcset=\"https:\/\/matribu.sygraf.fr\/wp-content\/uploads\/2022\/01\/IMG_3663-576x1024.jpg 576w, https:\/\/matribu.sygraf.fr\/wp-content\/uploads\/2022\/01\/IMG_3663-169x300.jpg 169w, https:\/\/matribu.sygraf.fr\/wp-content\/uploads\/2022\/01\/IMG_3663-768x1365.jpg 768w, https:\/\/matribu.sygraf.fr\/wp-content\/uploads\/2022\/01\/IMG_3663-864x1536.jpg 864w, https:\/\/matribu.sygraf.fr\/wp-content\/uploads\/2022\/01\/IMG_3663-1152x2048.jpg 1152w, https:\/\/matribu.sygraf.fr\/wp-content\/uploads\/2022\/01\/IMG_3663-scaled.jpg 1440w\" sizes=\"(max-width: 576px) 100vw, 576px\" \/><\/figure><div class=\"wp-block-media-text__content\">\n<p>Elle sera amen\u00e9e \u00e0 travers son voyage \u00e0 \u00e9changer aupr\u00e8s d\u2019autres cultures, et \u00eatre active dans un \u00e9change oral avec l\u2019anglais, l\u2019allemand et voir peut-\u00eatre l\u2019espagnol. Cette approche lui ouvrira l\u2019acc\u00e8s \u00e0 plus d\u2019autonomie qu\u2019elle a su d\u00e9j\u00e0 d\u00e9velopper durant sa 6\u00e8me.<\/p>\n\n\n\n<p>Ce voyage donnera l\u2019occasion de s\u2019ouvrir sur une partie du programme dont une place importante est accord\u00e9e au Moyen-Age avec l\u2019\u00e9tude du monde musulman, du monde chr\u00e9tien, de l\u2019\u00e9glise et de la f\u00e9odalit\u00e9, ainsi que la renaissance et les grandes d\u00e9couvertes.<\/p>\n\n\n\n<p>C\u2019est ainsi que nous aimerions transmettre cela \u00e0 nos enfants, cette ouverture sur le monde et les autres.<\/p>\n\n\n\n<p>Ce voyage permettra \u00e9galement de se questionner sur la notion de changement global, notamment sur les effets relatifs au changement climatique. Il sera avant tout int\u00e9ressant d\u2019apprendre \u00e0 raisonner, justifier une d\u00e9marche et des choix, poser des questions, v\u00e9rifier et justifier ses hypoth\u00e8ses. <\/p>\n<\/div><\/div>\n\n\n\n<div class=\"wp-block-columns\">\n<div class=\"wp-block-column\">\n<div class=\"wp-block-image\"><figure class=\"aligncenter size-full\"><img loading=\"lazy\" width=\"425\" height=\"340\" src=\"https:\/\/matribu.sygraf.fr\/wp-content\/uploads\/2022\/01\/top-10-des-langues-les-plus-difficiles-a-apprendre-1.png\" alt=\"\" class=\"wp-image-192\" srcset=\"https:\/\/matribu.sygraf.fr\/wp-content\/uploads\/2022\/01\/top-10-des-langues-les-plus-difficiles-a-apprendre-1.png 425w, https:\/\/matribu.sygraf.fr\/wp-content\/uploads\/2022\/01\/top-10-des-langues-les-plus-difficiles-a-apprendre-1-300x240.png 300w, https:\/\/matribu.sygraf.fr\/wp-content\/uploads\/2022\/01\/top-10-des-langues-les-plus-difficiles-a-apprendre-1-375x300.png 375w\" sizes=\"(max-width: 425px) 100vw, 425px\" \/><figcaption>Travailler les langues<\/figcaption><\/figure><\/div>\n<\/div>\n\n\n\n<div class=\"wp-block-column\">\n<div class=\"wp-block-image\"><figure class=\"aligncenter size-full\"><img loading=\"lazy\" width=\"426\" height=\"340\" src=\"https:\/\/matribu.sygraf.fr\/wp-content\/uploads\/2022\/01\/telechargement-1.jpeg\" alt=\"\" class=\"wp-image-193\" srcset=\"https:\/\/matribu.sygraf.fr\/wp-content\/uploads\/2022\/01\/telechargement-1.jpeg 426w, https:\/\/matribu.sygraf.fr\/wp-content\/uploads\/2022\/01\/telechargement-1-300x239.jpeg 300w, https:\/\/matribu.sygraf.fr\/wp-content\/uploads\/2022\/01\/telechargement-1-376x300.jpeg 376w\" sizes=\"(max-width: 426px) 100vw, 426px\" \/><figcaption>S&rsquo;ouvrir sur le monde<\/figcaption><\/figure><\/div>\n\n\n\n<p class=\"has-text-align-center\"><\/p>\n<\/div>\n\n\n\n<div class=\"wp-block-column\">\n<div class=\"wp-block-image\"><figure class=\"aligncenter size-full\"><img loading=\"lazy\" width=\"425\" height=\"340\" src=\"https:\/\/matribu.sygraf.fr\/wp-content\/uploads\/2022\/01\/shutterstock_romolo_tavani_infocus-1.jpg\" alt=\"\" class=\"wp-image-195\" srcset=\"https:\/\/matribu.sygraf.fr\/wp-content\/uploads\/2022\/01\/shutterstock_romolo_tavani_infocus-1.jpg 425w, https:\/\/matribu.sygraf.fr\/wp-content\/uploads\/2022\/01\/shutterstock_romolo_tavani_infocus-1-300x240.jpg 300w, https:\/\/matribu.sygraf.fr\/wp-content\/uploads\/2022\/01\/shutterstock_romolo_tavani_infocus-1-375x300.jpg 375w\" sizes=\"(max-width: 425px) 100vw, 425px\" \/><figcaption>Se questionner sur l&rsquo;environnement<\/figcaption><\/figure><\/div>\n<\/div>\n<\/div>\n\n\n\n<p class=\"has-accent-2-color has-text-color\"><strong>Pour notre fils Thomas en classe de CM2&nbsp;:<\/strong><\/p>\n\n\n\n<div class=\"wp-block-media-text alignwide is-stacked-on-mobile\"><figure class=\"wp-block-media-text__media\"><img loading=\"lazy\" width=\"576\" height=\"1024\" src=\"https:\/\/matribu.sygraf.fr\/wp-content\/uploads\/2022\/01\/IMG_3648-1-576x1024.jpg\" alt=\"\" class=\"wp-image-199 size-full\" srcset=\"https:\/\/matribu.sygraf.fr\/wp-content\/uploads\/2022\/01\/IMG_3648-1-576x1024.jpg 576w, https:\/\/matribu.sygraf.fr\/wp-content\/uploads\/2022\/01\/IMG_3648-1-169x300.jpg 169w, https:\/\/matribu.sygraf.fr\/wp-content\/uploads\/2022\/01\/IMG_3648-1-768x1365.jpg 768w, https:\/\/matribu.sygraf.fr\/wp-content\/uploads\/2022\/01\/IMG_3648-1-864x1536.jpg 864w, https:\/\/matribu.sygraf.fr\/wp-content\/uploads\/2022\/01\/IMG_3648-1-1152x2048.jpg 1152w, https:\/\/matribu.sygraf.fr\/wp-content\/uploads\/2022\/01\/IMG_3648-1-scaled.jpg 1440w\" sizes=\"(max-width: 576px) 100vw, 576px\" \/><\/figure><div class=\"wp-block-media-text__content\">\n<p>Il sera amen\u00e9 \u00e0 acqu\u00e9rir de l\u2019autonomie, notamment pour le pr\u00e9parer \u00e0 la 6 \u00e8me d\u00e8s la rentr\u00e9e 2022. Passer du primaire au coll\u00e8ge, cela se pr\u00e9pare. Prendre confiance en soi, et oser est une \u00e9tape cl\u00e9 dans une vie. Alors l&rsquo;accompagner durant cette phase nous semble important pour qu&rsquo;il puisse s&rsquo;\u00e9panouir totalement.<\/p>\n\n\n\n<p>Traverser un, voir plusieurs pays, rencontrer d\u2019autres personnes, des tribus diff\u00e9rentes et\/ou aux valeurs similaires, ou des voyageurs comme nous qui souhaitent se recentrer sur leur propre tribu, permettront \u00e0 Thomas d\u2019oser aller vers l\u2019autre.<\/p>\n\n\n\n<p>En se questionnant sur le monde qui nous entoure, Thomas pourra visualiser de mani\u00e8re concr\u00e8te, certains pays expliqu\u00e9s en classe, approfondir les cultures et leur histoire, et peut-\u00eatre transmettre \u00e0 son tour des connaissances acquises durant cette aventure.<\/p>\n<\/div><\/div>\n\n\n\n<div class=\"wp-block-columns\">\n<div class=\"wp-block-column\">\n<div class=\"wp-block-image\"><figure class=\"aligncenter size-full\"><img loading=\"lazy\" width=\"369\" height=\"295\" src=\"https:\/\/matribu.sygraf.fr\/wp-content\/uploads\/2022\/01\/engagement-1.jpg\" alt=\"\" class=\"wp-image-204\" srcset=\"https:\/\/matribu.sygraf.fr\/wp-content\/uploads\/2022\/01\/engagement-1.jpg 369w, https:\/\/matribu.sygraf.fr\/wp-content\/uploads\/2022\/01\/engagement-1-300x240.jpg 300w\" sizes=\"(max-width: 369px) 100vw, 369px\" \/><figcaption>Tendre vers l&rsquo;autonomie<\/figcaption><\/figure><\/div>\n<\/div>\n\n\n\n<div class=\"wp-block-column\">\n<div class=\"wp-block-image\"><figure class=\"aligncenter size-full\"><img loading=\"lazy\" width=\"412\" height=\"330\" src=\"https:\/\/matribu.sygraf.fr\/wp-content\/uploads\/2022\/01\/main.jpg\" alt=\"\" class=\"wp-image-206\" srcset=\"https:\/\/matribu.sygraf.fr\/wp-content\/uploads\/2022\/01\/main.jpg 412w, https:\/\/matribu.sygraf.fr\/wp-content\/uploads\/2022\/01\/main-300x240.jpg 300w, https:\/\/matribu.sygraf.fr\/wp-content\/uploads\/2022\/01\/main-375x300.jpg 375w\" sizes=\"(max-width: 412px) 100vw, 412px\" \/><figcaption>S&rsquo;\u00e9veiller aux autres<\/figcaption><\/figure><\/div>\n<\/div>\n\n\n\n<div class=\"wp-block-column\">\n<div class=\"wp-block-image\"><figure class=\"aligncenter size-full\"><img loading=\"lazy\" width=\"615\" height=\"492\" src=\"https:\/\/matribu.sygraf.fr\/wp-content\/uploads\/2022\/01\/dev-personnel-min.jpg\" alt=\"\" class=\"wp-image-205\" srcset=\"https:\/\/matribu.sygraf.fr\/wp-content\/uploads\/2022\/01\/dev-personnel-min.jpg 615w, https:\/\/matribu.sygraf.fr\/wp-content\/uploads\/2022\/01\/dev-personnel-min-300x240.jpg 300w, https:\/\/matribu.sygraf.fr\/wp-content\/uploads\/2022\/01\/dev-personnel-min-375x300.jpg 375w\" sizes=\"(max-width: 615px) 100vw, 615px\" \/><figcaption> Apprendre \u00e0 grandir <\/figcaption><\/figure><\/div>\n<\/div>\n<\/div>\n","protected":false},"excerpt":{"rendered":"<p>Pourquoi voyager avec notre tribu? Petit point \u00e9tymologie du mot voyage&nbsp;: Le mot \u00ab&nbsp;voyage&nbsp;\u00bb vient du latin&nbsp;viaticum, qui signifie \u00ab&nbsp;provisions de voyage, argent pour le &hellip;<\/p>\n","protected":false},"author":1,"featured_media":465,"parent":0,"menu_order":0,"comment_status":"closed","ping_status":"closed","template":"","meta":[],"_links":{"self":[{"href":"https:\/\/matribu.sygraf.fr\/index.php?rest_route=\/wp\/v2\/pages\/455"}],"collection":[{"href":"https:\/\/matribu.sygraf.fr\/index.php?rest_route=\/wp\/v2\/pages"}],"about":[{"href":"https:\/\/matribu.sygraf.fr\/index.php?rest_route=\/wp\/v2\/types\/page"}],"author":[{"embeddable":true,"href":"https:\/\/matribu.sygraf.fr\/index.php?rest_route=\/wp\/v2\/users\/1"}],"replies":[{"embeddable":true,"href":"https:\/\/matribu.sygraf.fr\/index.php?rest_route=%2Fwp%2Fv2%2Fcomments&post=455"}],"version-history":[{"count":2,"href":"https:\/\/matribu.sygraf.fr\/index.php?rest_route=\/wp\/v2\/pages\/455\/revisions"}],"predecessor-version":[{"id":469,"href":"https:\/\/matribu.sygraf.fr\/index.php?rest_route=\/wp\/v2\/pages\/455\/revisions\/469"}],"wp:featuredmedia":[{"embeddable":true,"href":"https:\/\/matribu.sygraf.fr\/index.php?rest_route=\/wp\/v2\/media\/465"}],"wp:attachment":[{"href":"https:\/\/matribu.sygraf.fr\/index.php?rest_route=%2Fwp%2Fv2%2Fmedia&parent=455"}],"curies":[{"name":"wp","href":"https:\/\/api.w.org\/{rel}","templated":true}]}}