{"id":475,"date":"2022-02-21T15:28:56","date_gmt":"2022-02-21T14:28:56","guid":{"rendered":"https:\/\/matribu.sygraf.fr\/?page_id=475"},"modified":"2022-02-21T15:40:23","modified_gmt":"2022-02-21T14:40:23","slug":"presentation-de-notre-tribu","status":"publish","type":"page","link":"https:\/\/matribu.sygraf.fr\/?page_id=475","title":{"rendered":"Pr\u00e9sentation de notre tribu"},"content":{"rendered":"\n<p class=\"has-accent-1-color has-text-color has-large-font-size\"> <strong>Pr\u00e9sentation de notre tribu<\/strong><\/p>\n\n\n\n<div class=\"wp-block-media-text alignwide is-stacked-on-mobile\"><figure class=\"wp-block-media-text__media\"><img loading=\"lazy\" width=\"2434\" height=\"2560\" src=\"https:\/\/matribu.sygraf.fr\/wp-content\/uploads\/2022\/01\/Tete-de-math-1-scaled.jpg\" alt=\"\" class=\"wp-image-101 size-full\" srcset=\"https:\/\/matribu.sygraf.fr\/wp-content\/uploads\/2022\/01\/Tete-de-math-1-scaled.jpg 2434w, https:\/\/matribu.sygraf.fr\/wp-content\/uploads\/2022\/01\/Tete-de-math-1-285x300.jpg 285w, https:\/\/matribu.sygraf.fr\/wp-content\/uploads\/2022\/01\/Tete-de-math-1-974x1024.jpg 974w, https:\/\/matribu.sygraf.fr\/wp-content\/uploads\/2022\/01\/Tete-de-math-1-768x808.jpg 768w, https:\/\/matribu.sygraf.fr\/wp-content\/uploads\/2022\/01\/Tete-de-math-1-1461x1536.jpg 1461w, https:\/\/matribu.sygraf.fr\/wp-content\/uploads\/2022\/01\/Tete-de-math-1-1948x2048.jpg 1948w\" sizes=\"(max-width: 2434px) 100vw, 2434px\" \/><\/figure><div class=\"wp-block-media-text__content\">\n<p class=\"has-normal-font-size\">Matthieu&nbsp;: 40 ans, manager d\u2019une \u00e9quipe chez Swisscom, geek \u00e0 toute heure, et passionn\u00e9 de sport.   <\/p>\n<\/div><\/div>\n\n\n\n<div class=\"wp-block-media-text alignwide has-media-on-the-right is-stacked-on-mobile\"><figure class=\"wp-block-media-text__media\"><img loading=\"lazy\" width=\"937\" height=\"1024\" src=\"https:\/\/matribu.sygraf.fr\/wp-content\/uploads\/2022\/01\/Cocotte-937x1024.jpg\" alt=\"\" class=\"wp-image-102 size-full\" srcset=\"https:\/\/matribu.sygraf.fr\/wp-content\/uploads\/2022\/01\/Cocotte-937x1024.jpg 937w, https:\/\/matribu.sygraf.fr\/wp-content\/uploads\/2022\/01\/Cocotte-274x300.jpg 274w, https:\/\/matribu.sygraf.fr\/wp-content\/uploads\/2022\/01\/Cocotte-768x840.jpg 768w, https:\/\/matribu.sygraf.fr\/wp-content\/uploads\/2022\/01\/Cocotte.jpg 1160w\" sizes=\"(max-width: 937px) 100vw, 937px\" \/><\/figure><div class=\"wp-block-media-text__content\">\n<p class=\"has-normal-font-size\">Sylvie&nbsp;:41 ans, conceptrice paysagiste \u00e9cosensible, cr\u00e9ative jusqu\u2019au bout des doigts et passionn\u00e9e de nature et de sport.<\/p>\n<\/div><\/div>\n\n\n\n<div class=\"wp-block-media-text alignwide is-stacked-on-mobile\"><figure class=\"wp-block-media-text__media\"><img loading=\"lazy\" width=\"911\" height=\"1024\" src=\"https:\/\/matribu.sygraf.fr\/wp-content\/uploads\/2022\/01\/Lea-911x1024.jpg\" alt=\"\" class=\"wp-image-103 size-full\" srcset=\"https:\/\/matribu.sygraf.fr\/wp-content\/uploads\/2022\/01\/Lea-911x1024.jpg 911w, https:\/\/matribu.sygraf.fr\/wp-content\/uploads\/2022\/01\/Lea-267x300.jpg 267w, https:\/\/matribu.sygraf.fr\/wp-content\/uploads\/2022\/01\/Lea-768x863.jpg 768w, https:\/\/matribu.sygraf.fr\/wp-content\/uploads\/2022\/01\/Lea-1366x1536.jpg 1366w, https:\/\/matribu.sygraf.fr\/wp-content\/uploads\/2022\/01\/Lea-1822x2048.jpg 1822w\" sizes=\"(max-width: 911px) 100vw, 911px\" \/><\/figure><div class=\"wp-block-media-text__content\">\n<p class=\"has-normal-font-size\">L\u00e9a&nbsp;: 12 ans en classe de 5<sup>\u00e8me<\/sup>, cr\u00e9ative dans le sang et dans l\u2019\u00e2me, qui se sent comme un poisson dans l\u2019eau et aime par-dessus tous les animaux.<\/p>\n<\/div><\/div>\n\n\n\n<div class=\"wp-block-media-text alignwide has-media-on-the-right is-stacked-on-mobile\"><figure class=\"wp-block-media-text__media\"><img loading=\"lazy\" width=\"2560\" height=\"2431\" src=\"https:\/\/matribu.sygraf.fr\/wp-content\/uploads\/2022\/01\/Photo-pour-le-livre-modifiee-IMG_3335-scaled.jpg\" alt=\"\" class=\"wp-image-68 size-full\" srcset=\"https:\/\/matribu.sygraf.fr\/wp-content\/uploads\/2022\/01\/Photo-pour-le-livre-modifiee-IMG_3335-scaled.jpg 2560w, https:\/\/matribu.sygraf.fr\/wp-content\/uploads\/2022\/01\/Photo-pour-le-livre-modifiee-IMG_3335-300x285.jpg 300w, https:\/\/matribu.sygraf.fr\/wp-content\/uploads\/2022\/01\/Photo-pour-le-livre-modifiee-IMG_3335-1024x973.jpg 1024w, https:\/\/matribu.sygraf.fr\/wp-content\/uploads\/2022\/01\/Photo-pour-le-livre-modifiee-IMG_3335-768x729.jpg 768w, https:\/\/matribu.sygraf.fr\/wp-content\/uploads\/2022\/01\/Photo-pour-le-livre-modifiee-IMG_3335-1536x1459.jpg 1536w, https:\/\/matribu.sygraf.fr\/wp-content\/uploads\/2022\/01\/Photo-pour-le-livre-modifiee-IMG_3335-2048x1945.jpg 2048w, https:\/\/matribu.sygraf.fr\/wp-content\/uploads\/2022\/01\/Photo-pour-le-livre-modifiee-IMG_3335-316x300.jpg 316w\" sizes=\"(max-width: 2560px) 100vw, 2560px\" \/><\/figure><div class=\"wp-block-media-text__content\">\n<p class=\"has-normal-font-size\">Thomas&nbsp;: 10 ans en classe de CM2, imagination d\u00e9bordante, qui d\u00e9vore les livres et aime d\u00e9couvrir d\u2019autres cultures et lieux remplis d\u2019histoires.<\/p>\n<\/div><\/div>\n","protected":false},"excerpt":{"rendered":"<p>Pr\u00e9sentation de notre tribu Matthieu&nbsp;: 40 ans, manager d\u2019une \u00e9quipe chez Swisscom, geek \u00e0 toute heure, et passionn\u00e9 de sport. Sylvie&nbsp;:41 ans, conceptrice paysagiste \u00e9cosensible, &hellip;<\/p>\n","protected":false},"author":1,"featured_media":221,"parent":0,"menu_order":0,"comment_status":"closed","ping_status":"closed","template":"","meta":[],"_links":{"self":[{"href":"https:\/\/matribu.sygraf.fr\/index.php?rest_route=\/wp\/v2\/pages\/475"}],"collection":[{"href":"https:\/\/matribu.sygraf.fr\/index.php?rest_route=\/wp\/v2\/pages"}],"about":[{"href":"https:\/\/matribu.sygraf.fr\/index.php?rest_route=\/wp\/v2\/types\/page"}],"author":[{"embeddable":true,"href":"https:\/\/matribu.sygraf.fr\/index.php?rest_route=\/wp\/v2\/users\/1"}],"replies":[{"embeddable":true,"href":"https:\/\/matribu.sygraf.fr\/index.php?rest_route=%2Fwp%2Fv2%2Fcomments&post=475"}],"version-history":[{"count":2,"href":"https:\/\/matribu.sygraf.fr\/index.php?rest_route=\/wp\/v2\/pages\/475\/revisions"}],"predecessor-version":[{"id":486,"href":"https:\/\/matribu.sygraf.fr\/index.php?rest_route=\/wp\/v2\/pages\/475\/revisions\/486"}],"wp:featuredmedia":[{"embeddable":true,"href":"https:\/\/matribu.sygraf.fr\/index.php?rest_route=\/wp\/v2\/media\/221"}],"wp:attachment":[{"href":"https:\/\/matribu.sygraf.fr\/index.php?rest_route=%2Fwp%2Fv2%2Fmedia&parent=475"}],"curies":[{"name":"wp","href":"https:\/\/api.w.org\/{rel}","templated":true}]}}