{"id":488,"date":"2022-02-21T15:45:33","date_gmt":"2022-02-21T14:45:33","guid":{"rendered":"https:\/\/matribu.sygraf.fr\/?page_id=488"},"modified":"2022-02-21T16:05:30","modified_gmt":"2022-02-21T15:05:30","slug":"lamerique-du-sud-kezako","status":"publish","type":"page","link":"https:\/\/matribu.sygraf.fr\/?page_id=488","title":{"rendered":"L&rsquo;Am\u00e9rique du Sud, k\u00e9zako?"},"content":{"rendered":"\n<p class=\"has-accent-1-color has-text-color has-large-font-size\">L&rsquo;<strong>Am\u00e9rique du Sud, k\u00e9zako?<\/strong><\/p>\n\n\n\n<blockquote class=\"wp-block-quote has-text-align-center is-style-large\"><p>S\u2019int\u00e9resser \u00e0 un nouveau Continent, permet d\u2019apprendre beaucoup de choses. <\/p><p>En voici quelques-unes&nbsp;:<\/p><\/blockquote>\n\n\n\n<div class=\"wp-block-media-text alignwide is-stacked-on-mobile\"><figure class=\"wp-block-media-text__media\"><img loading=\"lazy\" width=\"768\" height=\"1024\" src=\"https:\/\/matribu.sygraf.fr\/wp-content\/uploads\/2022\/02\/Carte-plancher-oceanique-768x1024.jpg\" alt=\"\" class=\"wp-image-379 size-full\" srcset=\"https:\/\/matribu.sygraf.fr\/wp-content\/uploads\/2022\/02\/Carte-plancher-oceanique-768x1024.jpg 768w, https:\/\/matribu.sygraf.fr\/wp-content\/uploads\/2022\/02\/Carte-plancher-oceanique-225x300.jpg 225w, https:\/\/matribu.sygraf.fr\/wp-content\/uploads\/2022\/02\/Carte-plancher-oceanique-1152x1536.jpg 1152w, https:\/\/matribu.sygraf.fr\/wp-content\/uploads\/2022\/02\/Carte-plancher-oceanique-1536x2048.jpg 1536w, https:\/\/matribu.sygraf.fr\/wp-content\/uploads\/2022\/02\/Carte-plancher-oceanique-scaled.jpg 1920w\" sizes=\"(max-width: 768px) 100vw, 768px\" \/><\/figure><div class=\"wp-block-media-text__content\">\n<p class=\"has-accent-1-color has-text-color has-normal-font-size\">Le plancher oc\u00e9anique<\/p>\n\n\n\n<p>Le plancher oc\u00e9anique r\u00e9v\u00e8le l&rsquo;affrontement de deux grandes plaques tectoniques : celles de Nazca et de l&rsquo;Am\u00e9rique du Sud. Dans un mouvement de subduction, la premi\u00e8re, oc\u00e9anique et plus lourde, situ\u00e9e dans le Pacifique \u00e0 l&rsquo;ouest du P\u00e9rou, plonge sous la seconde, continentale.<\/p>\n\n\n\n<p>Cette convergence entre les deux blocs s&rsquo;op\u00e8re \u00e0 la vitesse de 8,6 cm par an.&nbsp;<em>\u00ab\u00a0Ce qui est \u00e9norme, puisque cela repr\u00e9sente presque un m\u00e8tre en dix ans\u00a0\u00bb<\/em>, explique Pascal Bernard, sismologue et sp\u00e9cialiste de la rupture des failles \u00e0 l&rsquo;Institut de physique du globe de Paris (IPGP). Ce ph\u00e9nom\u00e8ne est \u00e0 l&rsquo;origine de la formation de la cordill\u00e8re des Andes.<\/p>\n\n\n\n<p>Cette dynamique&nbsp;<em>\u00ab\u00a0produit entre les deux plaques une zone de contact tr\u00e8s longue, constitu\u00e9e d&rsquo;une faille unique qui court tout le long de la c\u00f4te ouest de l&rsquo;Am\u00e9rique du Sud et dont diff\u00e9rentes portions jouent r\u00e9guli\u00e8rement.<\/em><\/p>\n\n\n\n<p><\/p>\n<\/div><\/div>\n\n\n\n<div class=\"wp-block-media-text alignwide has-media-on-the-right is-stacked-on-mobile\"><figure class=\"wp-block-media-text__media\"><img loading=\"lazy\" width=\"768\" height=\"1024\" src=\"https:\/\/matribu.sygraf.fr\/wp-content\/uploads\/2022\/02\/Carte-fleuves-768x1024.jpg\" alt=\"\" class=\"wp-image-375 size-full\" srcset=\"https:\/\/matribu.sygraf.fr\/wp-content\/uploads\/2022\/02\/Carte-fleuves-768x1024.jpg 768w, https:\/\/matribu.sygraf.fr\/wp-content\/uploads\/2022\/02\/Carte-fleuves-225x300.jpg 225w, https:\/\/matribu.sygraf.fr\/wp-content\/uploads\/2022\/02\/Carte-fleuves-1152x1536.jpg 1152w, https:\/\/matribu.sygraf.fr\/wp-content\/uploads\/2022\/02\/Carte-fleuves-1536x2048.jpg 1536w, https:\/\/matribu.sygraf.fr\/wp-content\/uploads\/2022\/02\/Carte-fleuves-scaled.jpg 1920w\" sizes=\"(max-width: 768px) 100vw, 768px\" \/><\/figure><div class=\"wp-block-media-text__content\">\n<p class=\"has-accent-1-color has-text-color has-normal-font-size\">L&rsquo;Amazone.<\/p>\n\n\n\n<p class=\"has-normal-font-size\"> Lisez le livre de Mike Horn \u00ab\u00a0Latitude z\u00e9ro\u00a0\u00bb. Vous y apprendrez de nombreuses choses sur l&rsquo;Amzone. <a href=\"https:\/\/livre.fnac.com\/a1495093\/Mike-Horn-Latitude-zero\">https:\/\/livre.fnac.com\/a1495093\/Mike-Horn-Latitude-zero<\/a><\/p>\n\n\n\n<p> L&rsquo;Amazone transporte un cinqui\u00e8me de l&rsquo;eau douce d\u00e9vers\u00e9e dans les oc\u00e9ans. Sachez qu&rsquo;il est tout de m\u00eame le plus long avec ses 7\u202f062&nbsp;km de long. Il prend sa source au P\u00e9rou, dans la cordill\u00e8re des Andes, puis se jette dans l&rsquo;oc\u00e9an Atlantique au nord du Br\u00e9sil, au niveau de l&rsquo;<a href=\"https:\/\/www.futura-sciences.com\/planete\/definitions\/terre-equateur-16873\/\">\u00e9quateur<\/a>. Sur son parcours de plus de 6.000&nbsp;km de long, il traverse trois pays : le P\u00e9rou, la Colombie et le Br\u00e9sil. Il se dispute le titre de plus&nbsp;<a href=\"https:\/\/www.futura-sciences.com\/planete\/questions-reponses\/environnement-plus-long-fleuve-monde-8396\/\">long fleuve du monde<\/a>&nbsp;avec&nbsp;<a href=\"https:\/\/www.futura-sciences.com\/planete\/definitions\/geographie-nil-4281\/\">le Nil<\/a>, qu&rsquo;il devancerait d&rsquo;une centaine de kilom\u00e8tres.<\/p>\n\n\n\n<p>Transportant en moyenne un&nbsp;<a href=\"https:\/\/www.futura-sciences.com\/sciences\/definitions\/physique-volume-15919\/\">volume<\/a>&nbsp;de 209.000&nbsp;m<sup>3<\/sup>&nbsp;d&rsquo;eau par seconde, c&rsquo;est le fleuve au&nbsp;<a href=\"https:\/\/www.futura-sciences.com\/tech\/definitions\/internet-debit-1849\/\">d\u00e9bit<\/a>&nbsp;le plus \u00e9lev\u00e9 au monde. Il collecte les eaux de plus de 1.000 affluents et repr\u00e9sente \u00e0 lui seul environ 20&nbsp;% de l&rsquo;<a href=\"https:\/\/www.futura-sciences.com\/planete\/definitions\/oceanographie-eau-douce-6619\/\">eau douce<\/a>&nbsp;d\u00e9vers\u00e9e dans les oc\u00e9ans par les fleuves de la plan\u00e8te. <\/p>\n<\/div><\/div>\n\n\n\n<div class=\"wp-block-media-text alignwide is-stacked-on-mobile\"><figure class=\"wp-block-media-text__media\"><img loading=\"lazy\" width=\"768\" height=\"1024\" src=\"https:\/\/matribu.sygraf.fr\/wp-content\/uploads\/2022\/02\/Carte-foret-768x1024.jpg\" alt=\"\" class=\"wp-image-376 size-full\" srcset=\"https:\/\/matribu.sygraf.fr\/wp-content\/uploads\/2022\/02\/Carte-foret-768x1024.jpg 768w, https:\/\/matribu.sygraf.fr\/wp-content\/uploads\/2022\/02\/Carte-foret-225x300.jpg 225w, https:\/\/matribu.sygraf.fr\/wp-content\/uploads\/2022\/02\/Carte-foret-1152x1536.jpg 1152w, https:\/\/matribu.sygraf.fr\/wp-content\/uploads\/2022\/02\/Carte-foret-1536x2048.jpg 1536w, https:\/\/matribu.sygraf.fr\/wp-content\/uploads\/2022\/02\/Carte-foret-scaled.jpg 1920w\" sizes=\"(max-width: 768px) 100vw, 768px\" \/><\/figure><div class=\"wp-block-media-text__content\">\n<p class=\"has-accent-1-color has-text-color has-normal-font-size\">For\u00eat amazonienne<\/p>\n\n\n\n<p>L\u2019Amazonie en plus d\u2019abriter 10% de la biodiversit\u00e9 mondiale et \u00eatre ainsi que le plus grand bassin versant de la plan\u00e8te, accueille 34 millions de personnes vivant encore en grande majorit\u00e9 des services rendus par une nature amazonienne exceptionnelle.<\/p>\n\n\n\n<p>L\u2019Amazonie h\u00e9berge une biodiversit\u00e9 ph\u00e9nom\u00e9nale : 40 000 esp\u00e8ces de plantes, 3 000 esp\u00e8ces de poissons d&rsquo;eau douce et plus de 370 de reptiles, soit une esp\u00e8ce sur dix connues sur Terre. \u00c0&nbsp;cette biodiversit\u00e9 s\u2019ajoute les 550 millions d\u2019hectares de for\u00eats denses, le tiers des for\u00eats tropicales humides restantes de la plan\u00e8te et 6 600 km de rivi\u00e8res sinueuses&#8230; Autant d\u2019atouts qui justifient \u2019importance de l&rsquo;Amazonie pour l&rsquo;ensemble de la plan\u00e8te. Par ailleurs, cette r\u00e9gion a la particularit\u00e9 d\u2019abriter des centaines de milliers d\u2019esp\u00e8ces dont une majorit\u00e9 est encore inconnue et\/ou non r\u00e9pertori\u00e9e<\/p>\n<\/div><\/div>\n\n\n\n<div class=\"wp-block-media-text alignwide has-media-on-the-right is-stacked-on-mobile\"><figure class=\"wp-block-media-text__media\"><img loading=\"lazy\" width=\"768\" height=\"1024\" src=\"https:\/\/matribu.sygraf.fr\/wp-content\/uploads\/2022\/02\/Carte-chaud-et-froid-768x1024.jpg\" alt=\"\" class=\"wp-image-374 size-full\" srcset=\"https:\/\/matribu.sygraf.fr\/wp-content\/uploads\/2022\/02\/Carte-chaud-et-froid-768x1024.jpg 768w, https:\/\/matribu.sygraf.fr\/wp-content\/uploads\/2022\/02\/Carte-chaud-et-froid-225x300.jpg 225w, https:\/\/matribu.sygraf.fr\/wp-content\/uploads\/2022\/02\/Carte-chaud-et-froid-1152x1536.jpg 1152w, https:\/\/matribu.sygraf.fr\/wp-content\/uploads\/2022\/02\/Carte-chaud-et-froid-1536x2048.jpg 1536w, https:\/\/matribu.sygraf.fr\/wp-content\/uploads\/2022\/02\/Carte-chaud-et-froid-scaled.jpg 1920w\" sizes=\"(max-width: 768px) 100vw, 768px\" \/><\/figure><div class=\"wp-block-media-text__content\">\n<p><\/p>\n\n\n\n<p class=\"has-accent-1-color has-text-color has-normal-font-size\"> Temp\u00e9ratures et saisons<\/p>\n\n\n\n<p class=\"has-normal-font-size\">Lorsque nous abordons l\u00b4\u00e9t\u00e9 en Europe, les P\u00e9ruviens entrent en hiver.<\/p>\n\n\n\n<p><strong>Lima<\/strong> : D\u00e9cembre \u00e0 F\u00e9vrier : 25-30\u00b0C &#8211; Juin \u00e0 Ao\u00fbt : 15-20\u00b0C &#8211; Juin \u00e0 Novembre : une brume humide et persistante (la Gar\u00faa), comme un petit crachin, recouvre une partie de la r\u00e9gion c\u00f4ti\u00e8re.<\/p>\n\n\n\n<p><strong>Arequipa&nbsp;<\/strong>(altitude : 2300 m.) : Toute l\u00b4ann\u00e9e : 20-25\u00b0C en journ\u00e9e et nuit entre 3-8\u00b0C. C\u00b4est une ville principalement ensoleill\u00e9e, de la grisaille et quelques averses en saison des pluies, principalement dans le Canyon du Colca sont \u00e0 pr\u00e9voir.<\/p>\n\n\n\n<p><strong>Cuzco&nbsp;<\/strong>(altitude : 3400 m.) : Novembre \u00e0 Mars : 20-23\u00b0C en journ\u00e9e avec des des averses, 5-10\u00b0C la nuit &#8211; Avril \u2013 Octobre : 20-25\u00b0c en journ\u00e9e, ensoleillement, et nuit fra\u00eeche 5-10\u00b0C.<\/p>\n\n\n\n<p><strong>Lac Titicaca<\/strong>&nbsp;(altitude : 3800 m.) : Avril \u00e0 Octobre : journ\u00e9e ensoleill\u00e9e avec des temp\u00e9ratures entre 20-25\u00b0C, nuits fra\u00eeches 0-8\u00b0C &#8211; Novembre \u00e0 Mars : de la grisaille et des averses sont \u00e0 pr\u00e9voir sur le lac avec des temp\u00e9ratures entre 20\u00b0C \u2013 23\u00b0C en journ\u00e9e et 0-8\u00b0C la nuit. &#8211; Juillet \u00e0 Septembre : Saison des vents sur le lac<\/p>\n\n\n\n<p><strong>Amazonie<\/strong> : Dot\u00e9e d\u2019un climat tropical et donc assez pluvieux toute l\u2019ann\u00e9e, la saison id\u00e9ale pour s\u2019y rendre est d\u2019Avril \u00e0 Octobre. Les journ\u00e9es sont humides avec des temp\u00e9ratures allant jusqu\u2019\u00e0 35\u00b0C.<\/p>\n<\/div><\/div>\n\n\n\n<div class=\"wp-block-media-text alignwide is-stacked-on-mobile\"><figure class=\"wp-block-media-text__media\"><img loading=\"lazy\" width=\"768\" height=\"1024\" src=\"https:\/\/matribu.sygraf.fr\/wp-content\/uploads\/2022\/02\/Carte-pauvrete-768x1024.jpg\" alt=\"\" class=\"wp-image-378 size-full\" srcset=\"https:\/\/matribu.sygraf.fr\/wp-content\/uploads\/2022\/02\/Carte-pauvrete-768x1024.jpg 768w, https:\/\/matribu.sygraf.fr\/wp-content\/uploads\/2022\/02\/Carte-pauvrete-225x300.jpg 225w, https:\/\/matribu.sygraf.fr\/wp-content\/uploads\/2022\/02\/Carte-pauvrete-1152x1536.jpg 1152w, https:\/\/matribu.sygraf.fr\/wp-content\/uploads\/2022\/02\/Carte-pauvrete-1536x2048.jpg 1536w, https:\/\/matribu.sygraf.fr\/wp-content\/uploads\/2022\/02\/Carte-pauvrete-scaled.jpg 1920w\" sizes=\"(max-width: 768px) 100vw, 768px\" \/><\/figure><div class=\"wp-block-media-text__content\">\n<p class=\"has-accent-1-color has-text-color has-normal-font-size\">Un tiers de la population est pauvre.<\/p>\n\n\n\n<p>En raison du COVID, le taux de pauvret\u00e9 touche 33,7&nbsp;% de la population (209&nbsp;millions de personnes)&nbsp;tandis que le taux d\u2019extr\u00eame pauvret\u00e9 s\u2019\u00e9l\u00e8ve \u00e0 12,5&nbsp;% (78 millions de personnes, soit 8&nbsp;millions de plus qu\u2019en 2019).<\/p>\n\n\n\n<p>La pauvret\u00e9 est plus importante dans les zones rurales, chez les enfants et adolescents, les peuples autochtones et afro-am\u00e9ricains, ainsi que dans la population au faible niveau d\u2019\u00e9ducation.<\/p>\n\n\n\n<p>Le taux de ch\u00f4mage r\u00e9gional a atteint 10,7&nbsp;% fin&nbsp;2020, soit une augmentation de 2,6&nbsp;points de pourcentage par rapport en 2019 (8,1&nbsp;%).<\/p>\n\n\n\n<p>\u00ab&nbsp;La pand\u00e9mie a exacerb\u00e9 les principales lacunes structurelles de la r\u00e9gion et nous nous trouvons dans une p\u00e9riode d\u2019incertitude accrue dans laquelle ni la mani\u00e8re de sortir de la crise ni la vitesse de ce processus ne sont encore connues&nbsp;\u00bb, a affirm\u00e9 la secr\u00e9taire g\u00e9n\u00e9rale de cette commission r\u00e9gionale des Nations unies, Alicia B\u00e1rcena.<\/p>\n<\/div><\/div>\n\n\n\n<div class=\"wp-block-media-text alignwide has-media-on-the-right is-stacked-on-mobile\"><figure class=\"wp-block-media-text__media\"><img loading=\"lazy\" width=\"836\" height=\"1024\" src=\"https:\/\/matribu.sygraf.fr\/wp-content\/uploads\/2022\/02\/Carte-or-836x1024.jpg\" alt=\"\" class=\"wp-image-377 size-full\" srcset=\"https:\/\/matribu.sygraf.fr\/wp-content\/uploads\/2022\/02\/Carte-or-836x1024.jpg 836w, https:\/\/matribu.sygraf.fr\/wp-content\/uploads\/2022\/02\/Carte-or-245x300.jpg 245w, https:\/\/matribu.sygraf.fr\/wp-content\/uploads\/2022\/02\/Carte-or-768x940.jpg 768w, https:\/\/matribu.sygraf.fr\/wp-content\/uploads\/2022\/02\/Carte-or-1254x1536.jpg 1254w, https:\/\/matribu.sygraf.fr\/wp-content\/uploads\/2022\/02\/Carte-or-1672x2048.jpg 1672w\" sizes=\"(max-width: 836px) 100vw, 836px\" \/><\/figure><div class=\"wp-block-media-text__content\">\n<p class=\"has-accent-1-color has-text-color has-normal-font-size\">Pour tout l&rsquo;or du monde<\/p>\n\n\n\n<p>Au P\u00e9rou, l\u2019orpaillage ill\u00e9gal a pris une ampleur consid\u00e9rable ces derni\u00e8res ann\u00e9es, au d\u00e9triment des \u00e9cosyst\u00e8mes naturels et des populations locales, intoxiqu\u00e9es par le mercure utilis\u00e9 pour agglom\u00e9rer les paillettes d\u2019or. <\/p>\n\n\n\n<p>Guyane, Colombie, P\u00e9rou, Br\u00e9sil, Equateur\u2026&nbsp;C\u2019est l\u2019Amazonie dans son ensemble qui est menac\u00e9e par une v\u00e9ritable ru\u00e9e vers l\u2019or&nbsp;depuis plusieurs d\u00e9cennies. Au P\u00e9rou, sixi\u00e8me producteur au monde du m\u00e9tal pr\u00e9cieux,&nbsp;une \u00e9conomie parall\u00e8le et ill\u00e9gale s\u2019est d\u00e9velopp\u00e9e autour de la prospection et du commerce de l\u2019or, avec des cons\u00e9quences d\u00e9sastreuses pour l\u2019environnement et les populations locales. L\u2019exploitation aurif\u00e8re est la principale cause de d\u00e9forestation dans la r\u00e9gion.&nbsp;Ce serait ainsi&nbsp;pr\u00e8s de 100 000 hectares de for\u00eat qui ont \u00e9t\u00e9 d\u00e9truits entre 1985 et 2017.<\/p>\n\n\n\n<p><a href=\"https:\/\/www.wwf.fr\/espaces-prioritaires\/guyane\/orpaillage-illegal\">D\u2019apr\u00e8s le WWF<\/a>, les orpailleurs utiliseraient en moyenne 1,3 kg de mercure pour r\u00e9cup\u00e9rer 1 kg d\u2019or. Au contact des milieux aquatiques qui foisonnent dans les humides for\u00eats tropicales,&nbsp;<strong>le mercure devient un neurotoxique puissant<\/strong>. Il vient ensuite empoisonner les organismes vivants qui l\u2019ing\u00e8rent, et les populations locales, dont certaines consomment beaucoup de poissons. Le Cincia, qui a install\u00e9 un laboratoire sur place, estime que&nbsp;<strong>75% de la population locale serait aujourd\u2019hui contamin\u00e9e<\/strong>.<\/p>\n<\/div><\/div>\n\n\n\n<div class=\"wp-block-media-text alignwide is-stacked-on-mobile\"><figure class=\"wp-block-media-text__media\"><img loading=\"lazy\" width=\"768\" height=\"1024\" src=\"https:\/\/matribu.sygraf.fr\/wp-content\/uploads\/2022\/02\/Carte-pollution-768x1024.jpg\" alt=\"\" class=\"wp-image-381 size-full\" srcset=\"https:\/\/matribu.sygraf.fr\/wp-content\/uploads\/2022\/02\/Carte-pollution-768x1024.jpg 768w, https:\/\/matribu.sygraf.fr\/wp-content\/uploads\/2022\/02\/Carte-pollution-225x300.jpg 225w, https:\/\/matribu.sygraf.fr\/wp-content\/uploads\/2022\/02\/Carte-pollution-1152x1536.jpg 1152w, https:\/\/matribu.sygraf.fr\/wp-content\/uploads\/2022\/02\/Carte-pollution-1536x2048.jpg 1536w, https:\/\/matribu.sygraf.fr\/wp-content\/uploads\/2022\/02\/Carte-pollution-scaled.jpg 1920w\" sizes=\"(max-width: 768px) 100vw, 768px\" \/><\/figure><div class=\"wp-block-media-text__content\">\n<p class=\"has-accent-1-color has-text-color has-normal-font-size\">Pollution<\/p>\n\n\n\n<p>Cit\u00e9 mini\u00e8re dans les Andes p\u00e9ruviennes, la Oroya expose des milliers d&rsquo;enfants et d&rsquo;adultes \u00e0 une importante pollution aux m\u00e9taux lourds comme le plomb. Avec 99&nbsp;% de contamination au plomb, la ville d\u00e9tient le record absolu de saturnisme chez les enfants. La dispersion dans l&rsquo;atmosph\u00e8re de polluants (comme le dioxyde de soufre et les oxydes d&rsquo;azote) provoque des pluies acides qui rongent la v\u00e9g\u00e9tation de la r\u00e9gion. Principale accus\u00e9e : une filiale de la firme am\u00e9ricaine Doe Run Company, s\u00e9v\u00e8rement attaqu\u00e9e par le Blacksmith Institute dans son rapport de&nbsp;2007.<br>Cette mine \u00e0 ciel ouvert, g\u00e9r\u00e9e par une filiale de&nbsp;<a rel=\"noreferrer noopener\" href=\"http:\/\/www.volcan.com.pe\/english\/\" target=\"_blank\">Volcan Compa\u00f1\u00eda Minera<\/a>, une entreprise p\u00e9ruvienne, est un crat\u00e8re \u00e9tag\u00e9 semblable \u00e0 une Ziggurat invers\u00e9e<\/p>\n\n\n\n<p>(Une&nbsp;<strong>ziggurat<\/strong>&nbsp;(ou&nbsp;<strong>ziggourat<\/strong>) est une haute tour \u00e0 \u00e9tages d\u00e9croissante en forme de pyramide, dans les cit\u00e9s \u00e9tats de M\u00e9sopotamie. G\u00e9n\u00e9ralement elle \u00e9tait surmont\u00e9e d&rsquo;un sanctuaire pour le dieu de la cit\u00e9. &#8230; La&nbsp;<strong>ziggurat<\/strong>&nbsp;est d&rsquo;origine sum\u00e9rienne, puis elle est adopt\u00e9e par les Babyloniens et les Assyriens.)<\/p>\n\n\n\n<p>Longue de plus de 1,6 kilom\u00e8tre, large de 800 m\u00e8tres et profonde de 402 m\u00e8tres, elle avale peu \u00e0 peu la ville qui bat retraite, telle une mer affam\u00e9e. Une rang\u00e9e de maisons abandonn\u00e9es, donc les toits en acier rouillent et sont cribl\u00e9s de trous, fait office de no man\u2019s land entre le gouffre et la cit\u00e9 vivante.<\/p>\n<\/div><\/div>\n\n\n\n<div class=\"wp-block-media-text alignwide has-media-on-the-right is-stacked-on-mobile\"><figure class=\"wp-block-media-text__media\"><img loading=\"lazy\" width=\"768\" height=\"1024\" src=\"https:\/\/matribu.sygraf.fr\/wp-content\/uploads\/2022\/02\/Oeuvre-dans-le-monde-768x1024.jpg\" alt=\"\" class=\"wp-image-383 size-full\" srcset=\"https:\/\/matribu.sygraf.fr\/wp-content\/uploads\/2022\/02\/Oeuvre-dans-le-monde-768x1024.jpg 768w, https:\/\/matribu.sygraf.fr\/wp-content\/uploads\/2022\/02\/Oeuvre-dans-le-monde-225x300.jpg 225w, https:\/\/matribu.sygraf.fr\/wp-content\/uploads\/2022\/02\/Oeuvre-dans-le-monde-1152x1536.jpg 1152w, https:\/\/matribu.sygraf.fr\/wp-content\/uploads\/2022\/02\/Oeuvre-dans-le-monde-1536x2048.jpg 1536w, https:\/\/matribu.sygraf.fr\/wp-content\/uploads\/2022\/02\/Oeuvre-dans-le-monde-scaled.jpg 1920w\" sizes=\"(max-width: 768px) 100vw, 768px\" \/><\/figure><div class=\"wp-block-media-text__content\">\n<p class=\"has-accent-1-color has-text-color has-normal-font-size\">Les plus belles merveilles<\/p>\n\n\n\n<p>L&rsquo;Am\u00e9rique du Sud regorge de lieux o\u00f9 admirer les plus beaux ph\u00e9nom\u00e8nes naturels de notre plan\u00e8te.<\/p>\n\n\n\n<p>Entre ses for\u00eats tropicales luxuriantes, ses majestueuses montagnes et ses impressionnantes cascades, le continent conjugue une multitude de paysages et \u00e9cosyst\u00e8mes \u00e0 couper le souffle.<\/p>\n\n\n\n<ul><li>De belles choses \u00e0 d\u00e9couvrir et que nous aurons le plaisir de vous partager suivant l&rsquo;\u00e9volution de notre aventure<\/li><\/ul>\n<\/div><\/div>\n","protected":false},"excerpt":{"rendered":"<p>L&rsquo;Am\u00e9rique du Sud, k\u00e9zako? S\u2019int\u00e9resser \u00e0 un nouveau Continent, permet d\u2019apprendre beaucoup de choses. En voici quelques-unes&nbsp;: Le plancher oc\u00e9anique Le plancher oc\u00e9anique r\u00e9v\u00e8le l&rsquo;affrontement &hellip;<\/p>\n","protected":false},"author":1,"featured_media":489,"parent":0,"menu_order":0,"comment_status":"closed","ping_status":"closed","template":"","meta":[],"_links":{"self":[{"href":"https:\/\/matribu.sygraf.fr\/index.php?rest_route=\/wp\/v2\/pages\/488"}],"collection":[{"href":"https:\/\/matribu.sygraf.fr\/index.php?rest_route=\/wp\/v2\/pages"}],"about":[{"href":"https:\/\/matribu.sygraf.fr\/index.php?rest_route=\/wp\/v2\/types\/page"}],"author":[{"embeddable":true,"href":"https:\/\/matribu.sygraf.fr\/index.php?rest_route=\/wp\/v2\/users\/1"}],"replies":[{"embeddable":true,"href":"https:\/\/matribu.sygraf.fr\/index.php?rest_route=%2Fwp%2Fv2%2Fcomments&post=488"}],"version-history":[{"count":2,"href":"https:\/\/matribu.sygraf.fr\/index.php?rest_route=\/wp\/v2\/pages\/488\/revisions"}],"predecessor-version":[{"id":515,"href":"https:\/\/matribu.sygraf.fr\/index.php?rest_route=\/wp\/v2\/pages\/488\/revisions\/515"}],"wp:featuredmedia":[{"embeddable":true,"href":"https:\/\/matribu.sygraf.fr\/index.php?rest_route=\/wp\/v2\/media\/489"}],"wp:attachment":[{"href":"https:\/\/matribu.sygraf.fr\/index.php?rest_route=%2Fwp%2Fv2%2Fmedia&parent=488"}],"curies":[{"name":"wp","href":"https:\/\/api.w.org\/{rel}","templated":true}]}}