{"id":496,"date":"2022-02-21T15:50:59","date_gmt":"2022-02-21T14:50:59","guid":{"rendered":"https:\/\/matribu.sygraf.fr\/?page_id=496"},"modified":"2022-02-21T16:39:30","modified_gmt":"2022-02-21T15:39:30","slug":"implique-chaque-membre-de-notre-tribu","status":"publish","type":"page","link":"https:\/\/matribu.sygraf.fr\/?page_id=496","title":{"rendered":"Impliquer chaque membre de notre tribu"},"content":{"rendered":"\n<p class=\"has-accent-1-color has-text-color has-large-font-size\"><strong>Impliquer chaque membre de notre tribu<\/strong><\/p>\n\n\n\n<p>Afin de conna\u00eetre les diff\u00e9rentes envies de chacun, nous avons du marquer sur un papier, quelles seraient les choses importantes que nous voudrions faire en voyage, citer des continents, et voir des pays qui nous envie de d\u00e9couvrir.<\/p>\n\n\n\n<p><\/p>\n\n\n\n<p>C&rsquo;est le plus important, car il est clair que Matt et moi ne voulions pas imposer ce projet aux enfants. <strong>Les impliquer dans les choix de destinations est la base de tout.<\/strong><\/p>\n\n\n\n<div class=\"wp-block-image\"><figure class=\"aligncenter size-full\"><img loading=\"lazy\" width=\"750\" height=\"375\" src=\"https:\/\/matribu.sygraf.fr\/wp-content\/uploads\/2022\/01\/Carte-du-monde.jpg\" alt=\"\" class=\"wp-image-113\" srcset=\"https:\/\/matribu.sygraf.fr\/wp-content\/uploads\/2022\/01\/Carte-du-monde.jpg 750w, https:\/\/matribu.sygraf.fr\/wp-content\/uploads\/2022\/01\/Carte-du-monde-300x150.jpg 300w, https:\/\/matribu.sygraf.fr\/wp-content\/uploads\/2022\/01\/Carte-du-monde-421x211.jpg 421w\" sizes=\"(max-width: 750px) 100vw, 750px\" \/><\/figure><\/div>\n\n\n\n<p><strong>Ainsi, pour chacun d\u2019entre nous, voici le petit bilan de cette exp\u00e9rience&nbsp;:<\/strong><\/p>\n\n\n\n<p class=\"has-accent-2-color has-text-color\"><strong>Pour Matt&nbsp;: <\/strong>Faire des \u00e9tapes en voilier, aller \u00e0 la rencontre de l\u2019autre, faire du sport.<\/p>\n\n\n\n<p>Continent&nbsp;: Asie, Afrique du Sud, et Am\u00e9rique du Sud.<\/p>\n\n\n\n<div class=\"wp-block-columns\">\n<div class=\"wp-block-column\">\n<figure class=\"wp-block-image size-full\"><img loading=\"lazy\" width=\"875\" height=\"700\" src=\"https:\/\/matribu.sygraf.fr\/wp-content\/uploads\/2022\/01\/Mu-Cang-Chai_saravut_Fotolia_122260910_Subscription_Monthly_M.jpg\" alt=\"\" class=\"wp-image-234\" srcset=\"https:\/\/matribu.sygraf.fr\/wp-content\/uploads\/2022\/01\/Mu-Cang-Chai_saravut_Fotolia_122260910_Subscription_Monthly_M.jpg 875w, https:\/\/matribu.sygraf.fr\/wp-content\/uploads\/2022\/01\/Mu-Cang-Chai_saravut_Fotolia_122260910_Subscription_Monthly_M-300x240.jpg 300w, https:\/\/matribu.sygraf.fr\/wp-content\/uploads\/2022\/01\/Mu-Cang-Chai_saravut_Fotolia_122260910_Subscription_Monthly_M-768x614.jpg 768w, https:\/\/matribu.sygraf.fr\/wp-content\/uploads\/2022\/01\/Mu-Cang-Chai_saravut_Fotolia_122260910_Subscription_Monthly_M-375x300.jpg 375w\" sizes=\"(max-width: 875px) 100vw, 875px\" \/><\/figure>\n<\/div>\n\n\n\n<div class=\"wp-block-column\">\n<figure class=\"wp-block-image size-full\"><img loading=\"lazy\" width=\"996\" height=\"797\" src=\"https:\/\/matribu.sygraf.fr\/wp-content\/uploads\/2022\/01\/DSC_0410-e1549814397475.jpg\" alt=\"\" class=\"wp-image-235\" srcset=\"https:\/\/matribu.sygraf.fr\/wp-content\/uploads\/2022\/01\/DSC_0410-e1549814397475.jpg 996w, https:\/\/matribu.sygraf.fr\/wp-content\/uploads\/2022\/01\/DSC_0410-e1549814397475-300x240.jpg 300w, https:\/\/matribu.sygraf.fr\/wp-content\/uploads\/2022\/01\/DSC_0410-e1549814397475-768x615.jpg 768w, https:\/\/matribu.sygraf.fr\/wp-content\/uploads\/2022\/01\/DSC_0410-e1549814397475-375x300.jpg 375w\" sizes=\"(max-width: 996px) 100vw, 996px\" \/><\/figure>\n<\/div>\n\n\n\n<div class=\"wp-block-column\">\n<figure class=\"wp-block-image size-full\"><img loading=\"lazy\" width=\"788\" height=\"630\" src=\"https:\/\/matribu.sygraf.fr\/wp-content\/uploads\/2022\/01\/fb-sites-amerique-sud-2.1533602.jpg\" alt=\"\" class=\"wp-image-236\" srcset=\"https:\/\/matribu.sygraf.fr\/wp-content\/uploads\/2022\/01\/fb-sites-amerique-sud-2.1533602.jpg 788w, https:\/\/matribu.sygraf.fr\/wp-content\/uploads\/2022\/01\/fb-sites-amerique-sud-2.1533602-300x240.jpg 300w, https:\/\/matribu.sygraf.fr\/wp-content\/uploads\/2022\/01\/fb-sites-amerique-sud-2.1533602-768x614.jpg 768w, https:\/\/matribu.sygraf.fr\/wp-content\/uploads\/2022\/01\/fb-sites-amerique-sud-2.1533602-375x300.jpg 375w\" sizes=\"(max-width: 788px) 100vw, 788px\" \/><\/figure>\n<\/div>\n<\/div>\n\n\n\n<p class=\"has-accent-2-color has-text-color\"><strong>Pour Sylvie&nbsp;:<\/strong> Aller \u00e0 la rencontre de l\u2019Autre, rencontrer des animaux hors du commun, se retrouver dans des paysages de nature et faire des trails.<\/p>\n\n\n\n<p>Continent&nbsp;: Afrique du Sud, Am\u00e9rique du Sud<\/p>\n\n\n\n<div class=\"wp-block-columns\">\n<div class=\"wp-block-column\">\n<figure class=\"wp-block-image size-full\"><img loading=\"lazy\" width=\"664\" height=\"531\" src=\"https:\/\/matribu.sygraf.fr\/wp-content\/uploads\/2022\/01\/Gondwana-6-1080x675-1.jpg\" alt=\"\" class=\"wp-image-237\" srcset=\"https:\/\/matribu.sygraf.fr\/wp-content\/uploads\/2022\/01\/Gondwana-6-1080x675-1.jpg 664w, https:\/\/matribu.sygraf.fr\/wp-content\/uploads\/2022\/01\/Gondwana-6-1080x675-1-300x240.jpg 300w, https:\/\/matribu.sygraf.fr\/wp-content\/uploads\/2022\/01\/Gondwana-6-1080x675-1-375x300.jpg 375w\" sizes=\"(max-width: 664px) 100vw, 664px\" \/><\/figure>\n<\/div>\n\n\n\n<div class=\"wp-block-column\">\n<figure class=\"wp-block-image size-full\"><img loading=\"lazy\" width=\"900\" height=\"720\" src=\"https:\/\/matribu.sygraf.fr\/wp-content\/uploads\/2022\/01\/l-amazonie-destruction-et-disparition.jpg\" alt=\"\" class=\"wp-image-238\" srcset=\"https:\/\/matribu.sygraf.fr\/wp-content\/uploads\/2022\/01\/l-amazonie-destruction-et-disparition.jpg 900w, https:\/\/matribu.sygraf.fr\/wp-content\/uploads\/2022\/01\/l-amazonie-destruction-et-disparition-300x240.jpg 300w, https:\/\/matribu.sygraf.fr\/wp-content\/uploads\/2022\/01\/l-amazonie-destruction-et-disparition-768x614.jpg 768w, https:\/\/matribu.sygraf.fr\/wp-content\/uploads\/2022\/01\/l-amazonie-destruction-et-disparition-375x300.jpg 375w\" sizes=\"(max-width: 900px) 100vw, 900px\" \/><\/figure>\n<\/div>\n<\/div>\n\n\n\n<p class=\"has-accent-2-color has-text-color\"><strong>Pour L\u00e9a&nbsp;: <\/strong>Rencontrer des animaux hors du commun, et \u00eatre au contact de l\u2019eau (oc\u00e9an et mer).<\/p>\n\n\n\n<p>Continent&nbsp;: Asie, Afrique du Sud, et Am\u00e9rique du Sud.<\/p>\n\n\n\n<div class=\"wp-block-columns\">\n<div class=\"wp-block-column\">\n<figure class=\"wp-block-image size-full\"><img loading=\"lazy\" width=\"520\" height=\"416\" src=\"https:\/\/matribu.sygraf.fr\/wp-content\/uploads\/2022\/01\/climat-aux-philippines.jpeg\" alt=\"\" class=\"wp-image-241\" srcset=\"https:\/\/matribu.sygraf.fr\/wp-content\/uploads\/2022\/01\/climat-aux-philippines.jpeg 520w, https:\/\/matribu.sygraf.fr\/wp-content\/uploads\/2022\/01\/climat-aux-philippines-300x240.jpeg 300w, https:\/\/matribu.sygraf.fr\/wp-content\/uploads\/2022\/01\/climat-aux-philippines-375x300.jpeg 375w\" sizes=\"(max-width: 520px) 100vw, 520px\" \/><\/figure>\n<\/div>\n\n\n\n<div class=\"wp-block-column\">\n<figure class=\"wp-block-image size-full\"><img loading=\"lazy\" width=\"562\" height=\"450\" src=\"https:\/\/matribu.sygraf.fr\/wp-content\/uploads\/2022\/01\/voyage-afrique-du-sud-en-famille-safari-animaux-lions-ekima-afrika-travel-agence-voyage-sur-mesure-afrique-australe_432_LPAN.jpg\" alt=\"\" class=\"wp-image-242\" srcset=\"https:\/\/matribu.sygraf.fr\/wp-content\/uploads\/2022\/01\/voyage-afrique-du-sud-en-famille-safari-animaux-lions-ekima-afrika-travel-agence-voyage-sur-mesure-afrique-australe_432_LPAN.jpg 562w, https:\/\/matribu.sygraf.fr\/wp-content\/uploads\/2022\/01\/voyage-afrique-du-sud-en-famille-safari-animaux-lions-ekima-afrika-travel-agence-voyage-sur-mesure-afrique-australe_432_LPAN-300x240.jpg 300w, https:\/\/matribu.sygraf.fr\/wp-content\/uploads\/2022\/01\/voyage-afrique-du-sud-en-famille-safari-animaux-lions-ekima-afrika-travel-agence-voyage-sur-mesure-afrique-australe_432_LPAN-375x300.jpg 375w\" sizes=\"(max-width: 562px) 100vw, 562px\" \/><\/figure>\n<\/div>\n\n\n\n<div class=\"wp-block-column\">\n<figure class=\"wp-block-image size-full\"><img loading=\"lazy\" width=\"708\" height=\"567\" src=\"https:\/\/matribu.sygraf.fr\/wp-content\/uploads\/2022\/01\/lac-dans-le-sud-lipez-en-bolivie-9388.jpg\" alt=\"\" class=\"wp-image-243\" srcset=\"https:\/\/matribu.sygraf.fr\/wp-content\/uploads\/2022\/01\/lac-dans-le-sud-lipez-en-bolivie-9388.jpg 708w, https:\/\/matribu.sygraf.fr\/wp-content\/uploads\/2022\/01\/lac-dans-le-sud-lipez-en-bolivie-9388-300x240.jpg 300w, https:\/\/matribu.sygraf.fr\/wp-content\/uploads\/2022\/01\/lac-dans-le-sud-lipez-en-bolivie-9388-375x300.jpg 375w\" sizes=\"(max-width: 708px) 100vw, 708px\" \/><\/figure>\n<\/div>\n<\/div>\n\n\n\n<p class=\"has-accent-2-color has-text-color\"><strong>Pour Thomas&nbsp;: <\/strong>Visiter des lieux historiques et riches en pass\u00e9, aller voir d\u2019autres tribus<\/p>\n\n\n\n<p>Continent&nbsp;: Asie, Am\u00e9rique du Sud.<\/p>\n\n\n\n<div class=\"wp-block-columns\">\n<div class=\"wp-block-column\">\n<figure class=\"wp-block-image size-large\"><img loading=\"lazy\" width=\"1024\" height=\"819\" src=\"https:\/\/matribu.sygraf.fr\/wp-content\/uploads\/2022\/01\/IMG_2235-1024x819.jpeg\" alt=\"\" class=\"wp-image-245\" srcset=\"https:\/\/matribu.sygraf.fr\/wp-content\/uploads\/2022\/01\/IMG_2235-1024x819.jpeg 1024w, https:\/\/matribu.sygraf.fr\/wp-content\/uploads\/2022\/01\/IMG_2235-300x240.jpeg 300w, https:\/\/matribu.sygraf.fr\/wp-content\/uploads\/2022\/01\/IMG_2235-768x615.jpeg 768w, https:\/\/matribu.sygraf.fr\/wp-content\/uploads\/2022\/01\/IMG_2235-375x300.jpeg 375w, https:\/\/matribu.sygraf.fr\/wp-content\/uploads\/2022\/01\/IMG_2235.jpeg 1181w\" sizes=\"(max-width: 1024px) 100vw, 1024px\" \/><\/figure>\n<\/div>\n\n\n\n<div class=\"wp-block-column\">\n<figure class=\"wp-block-image size-full\"><img loading=\"lazy\" width=\"525\" height=\"420\" src=\"https:\/\/matribu.sygraf.fr\/wp-content\/uploads\/2022\/01\/cite-maya-dedzna_1_croped.jpg\" alt=\"\" class=\"wp-image-246\" srcset=\"https:\/\/matribu.sygraf.fr\/wp-content\/uploads\/2022\/01\/cite-maya-dedzna_1_croped.jpg 525w, https:\/\/matribu.sygraf.fr\/wp-content\/uploads\/2022\/01\/cite-maya-dedzna_1_croped-300x240.jpg 300w, https:\/\/matribu.sygraf.fr\/wp-content\/uploads\/2022\/01\/cite-maya-dedzna_1_croped-375x300.jpg 375w\" sizes=\"(max-width: 525px) 100vw, 525px\" \/><\/figure>\n<\/div>\n<\/div>\n\n\n\n<p>Ok, premi\u00e8re \u00e9tape de faite, mais difficile \u00e0 se concr\u00e9tiser, car d\u00e9but d\u00e9cembre 2021, les annonces gouvernementales pour les ouvertures des continents concern\u00e9s ne sont pas bonnes.<\/p>\n\n\n\n<p class=\"has-accent-1-color has-text-color has-large-font-size\"><strong>Pr\u00e9voir un plan B, voir C&#8230;<\/strong><\/p>\n\n\n\n<p>Deuxi\u00e8me mission en t\u00eate&nbsp;: <strong>se demander si un plan B ne doit pas \u00eatre envisag\u00e9, voir m\u00eame C<\/strong>, peut-\u00eatre avec notre van avec la situation actuelle&nbsp;?<\/p>\n\n\n\n<p>Nous avons conscience que cette partie n\u2019allait pas \u00eatre facile, car en tant que parents, nous voulions aussi jouer la s\u00e9curit\u00e9 sanitaire pour nos enfants. <strong>Voyager \u00e0 deux ou avec des enfants engendre forc\u00e9ment une autre r\u00e9flexion<\/strong>. Nous esp\u00e9rions donc que les mesures gouvernementales iraient dans notre sens.<\/p>\n\n\n\n<div class=\"wp-block-columns\">\n<div class=\"wp-block-column\">\n<figure class=\"wp-block-image size-large\"><img loading=\"lazy\" width=\"1024\" height=\"819\" src=\"https:\/\/matribu.sygraf.fr\/wp-content\/uploads\/2022\/01\/IMG_5453-1024x819.jpg\" alt=\"\" class=\"wp-image-250\" srcset=\"https:\/\/matribu.sygraf.fr\/wp-content\/uploads\/2022\/01\/IMG_5453-1024x819.jpg 1024w, https:\/\/matribu.sygraf.fr\/wp-content\/uploads\/2022\/01\/IMG_5453-300x240.jpg 300w, https:\/\/matribu.sygraf.fr\/wp-content\/uploads\/2022\/01\/IMG_5453-768x615.jpg 768w, https:\/\/matribu.sygraf.fr\/wp-content\/uploads\/2022\/01\/IMG_5453-375x300.jpg 375w, https:\/\/matribu.sygraf.fr\/wp-content\/uploads\/2022\/01\/IMG_5453.jpg 1417w\" sizes=\"(max-width: 1024px) 100vw, 1024px\" \/><\/figure>\n<\/div>\n\n\n\n<div class=\"wp-block-column\">\n<figure class=\"wp-block-image size-full\"><img loading=\"lazy\" width=\"997\" height=\"797\" src=\"https:\/\/matribu.sygraf.fr\/wp-content\/uploads\/2022\/01\/IMG_5343.jpg\" alt=\"\" class=\"wp-image-251\" srcset=\"https:\/\/matribu.sygraf.fr\/wp-content\/uploads\/2022\/01\/IMG_5343.jpg 997w, https:\/\/matribu.sygraf.fr\/wp-content\/uploads\/2022\/01\/IMG_5343-300x240.jpg 300w, https:\/\/matribu.sygraf.fr\/wp-content\/uploads\/2022\/01\/IMG_5343-768x614.jpg 768w, https:\/\/matribu.sygraf.fr\/wp-content\/uploads\/2022\/01\/IMG_5343-375x300.jpg 375w\" sizes=\"(max-width: 997px) 100vw, 997px\" \/><\/figure>\n<\/div>\n<\/div>\n\n\n\n<p>Ce projet est avant tout un <strong>projet familial<\/strong>, o\u00f9 chacun d\u2019entre nous pourrions <strong>apprendre sur notre monde et valoriser la rencontre vers les autres<\/strong> cultures. Cette ouverture d\u2019esprit fait partie int\u00e9grante de notre d\u00e9marche \u00e9ducative aupr\u00e8s de nos enfants.<\/p>\n","protected":false},"excerpt":{"rendered":"<p>Impliquer chaque membre de notre tribu Afin de conna\u00eetre les diff\u00e9rentes envies de chacun, nous avons du marquer sur un papier, quelles seraient les choses &hellip;<\/p>\n","protected":false},"author":1,"featured_media":505,"parent":0,"menu_order":0,"comment_status":"closed","ping_status":"closed","template":"","meta":[],"_links":{"self":[{"href":"https:\/\/matribu.sygraf.fr\/index.php?rest_route=\/wp\/v2\/pages\/496"}],"collection":[{"href":"https:\/\/matribu.sygraf.fr\/index.php?rest_route=\/wp\/v2\/pages"}],"about":[{"href":"https:\/\/matribu.sygraf.fr\/index.php?rest_route=\/wp\/v2\/types\/page"}],"author":[{"embeddable":true,"href":"https:\/\/matribu.sygraf.fr\/index.php?rest_route=\/wp\/v2\/users\/1"}],"replies":[{"embeddable":true,"href":"https:\/\/matribu.sygraf.fr\/index.php?rest_route=%2Fwp%2Fv2%2Fcomments&post=496"}],"version-history":[{"count":4,"href":"https:\/\/matribu.sygraf.fr\/index.php?rest_route=\/wp\/v2\/pages\/496\/revisions"}],"predecessor-version":[{"id":555,"href":"https:\/\/matribu.sygraf.fr\/index.php?rest_route=\/wp\/v2\/pages\/496\/revisions\/555"}],"wp:featuredmedia":[{"embeddable":true,"href":"https:\/\/matribu.sygraf.fr\/index.php?rest_route=\/wp\/v2\/media\/505"}],"wp:attachment":[{"href":"https:\/\/matribu.sygraf.fr\/index.php?rest_route=%2Fwp%2Fv2%2Fmedia&parent=496"}],"curies":[{"name":"wp","href":"https:\/\/api.w.org\/{rel}","templated":true}]}}