{"id":508,"date":"2022-02-21T16:00:46","date_gmt":"2022-02-21T15:00:46","guid":{"rendered":"https:\/\/matribu.sygraf.fr\/?page_id=508"},"modified":"2022-02-21T16:41:03","modified_gmt":"2022-02-21T15:41:03","slug":"et-finalement-on-part-ou","status":"publish","type":"page","link":"https:\/\/matribu.sygraf.fr\/?page_id=508","title":{"rendered":"Et finalement, on part o\u00f9?"},"content":{"rendered":"\n<p class=\"has-accent-1-color has-text-color has-large-font-size\"><strong>Des h\u00e9sitations jusqu&rsquo;au dernier moment?<\/strong><\/p>\n\n\n\n<p>Finalement, nous avions tous l&rsquo;envie de <strong>d\u00e9couvrir les Terres de l&rsquo;Am\u00e9rique du Sud<\/strong>, revivre des sc\u00e8nes du mythique dessin anim\u00e9 \u00ab\u00a0Les myst\u00e9rieuses Cit\u00e9s d&rsquo;Or\u00a0\u00bb. Une aventure culturelle, linguistique, culinaire, environnementale, et surtout humaine s&rsquo;offre \u00e0 nous. Et pourtant, malgr\u00e9 notre envie de partir l\u00e0-bas, les h\u00e9sitations persistent&#8230; Le choix n&rsquo;a pas \u00e9t\u00e9 facile, et cela jusqu&rsquo;aux derniers moments, car plusieurs \u00e9l\u00e9ments nous ont fait dout\u00e9s. En janvier 2022, 2 catastrophes ont touch\u00e9 le P\u00e9rou.<\/p>\n\n\n\n<div class=\"wp-block-media-text alignwide is-stacked-on-mobile\"><figure class=\"wp-block-media-text__media\"><img loading=\"lazy\" width=\"1024\" height=\"512\" src=\"https:\/\/matribu.sygraf.fr\/wp-content\/uploads\/2022\/01\/22746390lpw-22746394-article-perou-maree-noire-danger-environnement-pollution-jpg_8515703_1250x625-1024x512.jpg\" alt=\"\" class=\"wp-image-288 size-full\" srcset=\"https:\/\/matribu.sygraf.fr\/wp-content\/uploads\/2022\/01\/22746390lpw-22746394-article-perou-maree-noire-danger-environnement-pollution-jpg_8515703_1250x625-1024x512.jpg 1024w, https:\/\/matribu.sygraf.fr\/wp-content\/uploads\/2022\/01\/22746390lpw-22746394-article-perou-maree-noire-danger-environnement-pollution-jpg_8515703_1250x625-300x150.jpg 300w, https:\/\/matribu.sygraf.fr\/wp-content\/uploads\/2022\/01\/22746390lpw-22746394-article-perou-maree-noire-danger-environnement-pollution-jpg_8515703_1250x625-768x384.jpg 768w, https:\/\/matribu.sygraf.fr\/wp-content\/uploads\/2022\/01\/22746390lpw-22746394-article-perou-maree-noire-danger-environnement-pollution-jpg_8515703_1250x625-421x211.jpg 421w, https:\/\/matribu.sygraf.fr\/wp-content\/uploads\/2022\/01\/22746390lpw-22746394-article-perou-maree-noire-danger-environnement-pollution-jpg_8515703_1250x625.jpg 1250w\" sizes=\"(max-width: 1024px) 100vw, 1024px\" \/><\/figure><div class=\"wp-block-media-text__content\">\n<p class=\"has-normal-font-size\">Le bateau battant pavillon italien, qui peut transporter jusqu&rsquo;\u00e0 un million de barils de brut, est \u00e0 l&rsquo;origine d&rsquo;une fuite de p\u00e9trole survenue le 15 janvier 2022. Une catastrophe \u00e9cologique, car le d\u00e9versement p\u00e9trolier a atteint une vingtaine de plages au nord de Lima, entra\u00een\u00e9 la mort de milliers d&rsquo;oiseaux marins et mis des centaines de p\u00eacheurs artisanaux au ch\u00f4mage. Plus de 180 hectares de littoral ont \u00e9t\u00e9 souill\u00e9s, ainsi que 713 hectares de zone maritime.<\/p>\n<\/div><\/div>\n\n\n\n<div class=\"wp-block-media-text alignwide is-stacked-on-mobile\"><figure class=\"wp-block-media-text__media\"><img loading=\"lazy\" width=\"323\" height=\"156\" src=\"https:\/\/matribu.sygraf.fr\/wp-content\/uploads\/2022\/01\/Inondation-perou.jpeg\" alt=\"\" class=\"wp-image-289 size-full\" srcset=\"https:\/\/matribu.sygraf.fr\/wp-content\/uploads\/2022\/01\/Inondation-perou.jpeg 323w, https:\/\/matribu.sygraf.fr\/wp-content\/uploads\/2022\/01\/Inondation-perou-300x145.jpeg 300w\" sizes=\"(max-width: 323px) 100vw, 323px\" \/><\/figure><div class=\"wp-block-media-text__content\">\n<p class=\"has-normal-font-size\">A cela s&rsquo;est ajout\u00e9, une autre catastrophe naturelle touchant un joyau de la culture inca au&nbsp;<a href=\"https:\/\/www.20minutes.fr\/dossier\/perou\">P\u00e9rou<\/a>. Quelque 900 personnes ont \u00e9t\u00e9 \u00e9vacu\u00e9es de la ville touristique de Machu Picchu Pueblo, \u00e0 cause de pluies et d\u2019&nbsp;<a href=\"https:\/\/www.20minutes.fr\/dossier\/inondation\">inondations<\/a>.<\/p>\n<\/div><\/div>\n\n\n\n<p>Deux catastrophes qui d\u00e9montrent bien que l&rsquo;enjeu \u00e9cologique est mis de c\u00f4t\u00e9, que cette prise de conscience du vivant n&rsquo;est malheureusement que tr\u00e8s limit\u00e9e&#8230; Une horreur de constater cela et pourtant une envie certaine de sensibiliser notre tribu aux probl\u00e8mes \u00e9cologiques de notre terre.<\/p>\n\n\n\n<p> <\/p>\n\n\n\n<p class=\"has-accent-1-color has-text-color has-large-font-size\"><strong> Et finalement, on part o\u00f9? <\/strong><\/p>\n\n\n\n<blockquote class=\"wp-block-quote has-text-align-center is-style-large\"><p>Notre voyage sera une mani\u00e8re de sensibiliser notre tribu face aux enjeux \u00e9cologiques.<\/p><\/blockquote>\n\n\n\n<div class=\"wp-block-image\"><figure class=\"aligncenter size-large\"><img loading=\"lazy\" width=\"1024\" height=\"727\" src=\"https:\/\/matribu.sygraf.fr\/wp-content\/uploads\/2022\/01\/Illustrations-voyage-2-1024x727.jpg\" alt=\"\" class=\"wp-image-284\" srcset=\"https:\/\/matribu.sygraf.fr\/wp-content\/uploads\/2022\/01\/Illustrations-voyage-2-1024x727.jpg 1024w, https:\/\/matribu.sygraf.fr\/wp-content\/uploads\/2022\/01\/Illustrations-voyage-2-300x213.jpg 300w, https:\/\/matribu.sygraf.fr\/wp-content\/uploads\/2022\/01\/Illustrations-voyage-2-768x545.jpg 768w, https:\/\/matribu.sygraf.fr\/wp-content\/uploads\/2022\/01\/Illustrations-voyage-2-1536x1091.jpg 1536w, https:\/\/matribu.sygraf.fr\/wp-content\/uploads\/2022\/01\/Illustrations-voyage-2-421x300.jpg 421w, https:\/\/matribu.sygraf.fr\/wp-content\/uploads\/2022\/01\/Illustrations-voyage-2.jpg 1746w\" sizes=\"(max-width: 1024px) 100vw, 1024px\" \/><\/figure><\/div>\n\n\n\n<div class=\"wp-block-image\"><figure class=\"aligncenter size-large\"><img loading=\"lazy\" width=\"1024\" height=\"727\" src=\"https:\/\/matribu.sygraf.fr\/wp-content\/uploads\/2022\/01\/Illustrations-voyage-3-1024x727.jpg\" alt=\"\" class=\"wp-image-285\" srcset=\"https:\/\/matribu.sygraf.fr\/wp-content\/uploads\/2022\/01\/Illustrations-voyage-3-1024x727.jpg 1024w, https:\/\/matribu.sygraf.fr\/wp-content\/uploads\/2022\/01\/Illustrations-voyage-3-300x213.jpg 300w, https:\/\/matribu.sygraf.fr\/wp-content\/uploads\/2022\/01\/Illustrations-voyage-3-768x545.jpg 768w, https:\/\/matribu.sygraf.fr\/wp-content\/uploads\/2022\/01\/Illustrations-voyage-3-1536x1091.jpg 1536w, https:\/\/matribu.sygraf.fr\/wp-content\/uploads\/2022\/01\/Illustrations-voyage-3-421x300.jpg 421w, https:\/\/matribu.sygraf.fr\/wp-content\/uploads\/2022\/01\/Illustrations-voyage-3.jpg 1746w\" sizes=\"(max-width: 1024px) 100vw, 1024px\" \/><\/figure><\/div>\n","protected":false},"excerpt":{"rendered":"<p>Des h\u00e9sitations jusqu&rsquo;au dernier moment? Finalement, nous avions tous l&rsquo;envie de d\u00e9couvrir les Terres de l&rsquo;Am\u00e9rique du Sud, revivre des sc\u00e8nes du mythique dessin anim\u00e9 &hellip;<\/p>\n","protected":false},"author":1,"featured_media":514,"parent":0,"menu_order":0,"comment_status":"closed","ping_status":"closed","template":"","meta":[],"_links":{"self":[{"href":"https:\/\/matribu.sygraf.fr\/index.php?rest_route=\/wp\/v2\/pages\/508"}],"collection":[{"href":"https:\/\/matribu.sygraf.fr\/index.php?rest_route=\/wp\/v2\/pages"}],"about":[{"href":"https:\/\/matribu.sygraf.fr\/index.php?rest_route=\/wp\/v2\/types\/page"}],"author":[{"embeddable":true,"href":"https:\/\/matribu.sygraf.fr\/index.php?rest_route=\/wp\/v2\/users\/1"}],"replies":[{"embeddable":true,"href":"https:\/\/matribu.sygraf.fr\/index.php?rest_route=%2Fwp%2Fv2%2Fcomments&post=508"}],"version-history":[{"count":2,"href":"https:\/\/matribu.sygraf.fr\/index.php?rest_route=\/wp\/v2\/pages\/508\/revisions"}],"predecessor-version":[{"id":557,"href":"https:\/\/matribu.sygraf.fr\/index.php?rest_route=\/wp\/v2\/pages\/508\/revisions\/557"}],"wp:featuredmedia":[{"embeddable":true,"href":"https:\/\/matribu.sygraf.fr\/index.php?rest_route=\/wp\/v2\/media\/514"}],"wp:attachment":[{"href":"https:\/\/matribu.sygraf.fr\/index.php?rest_route=%2Fwp%2Fv2%2Fmedia&parent=508"}],"curies":[{"name":"wp","href":"https:\/\/api.w.org\/{rel}","templated":true}]}}