{"id":561,"date":"2022-02-22T06:43:58","date_gmt":"2022-02-22T05:43:58","guid":{"rendered":"https:\/\/matribu.sygraf.fr\/?page_id=561"},"modified":"2022-02-22T06:59:28","modified_gmt":"2022-02-22T05:59:28","slug":"voyage-et-vaccins","status":"publish","type":"page","link":"https:\/\/matribu.sygraf.fr\/?page_id=561","title":{"rendered":"Voyage et vaccins"},"content":{"rendered":"\n<p class=\"has-accent-1-color has-text-color has-large-font-size\"><strong>Voyage et vaccins<\/strong><\/p>\n\n\n\n<p>Alors, je sais tr\u00e8s bien que le mot \u00ab\u00a0vaccin\u00a0\u00bb est bien d&rsquo;actualit\u00e9 de nos jours. N\u00e9anmoins, partir vers d&rsquo;autres contr\u00e9es nous am\u00e8nent forc\u00e9ment \u00e0 r\u00e9fl\u00e9chir \u00e0 notre propre sant\u00e9, et surtout \u00e0 celle de notre tribu.<\/p>\n\n\n\n<p>Pour ceux et celles qui se posent beaucoup de questions, je vous invite \u00e0 vous rapprocher de <strong>la m\u00e9decine du voyage dans les h\u00f4pitaux.<\/strong><\/p>\n\n\n\n<p>De notre c\u00f4t\u00e9, nous sommes all\u00e9s au<strong> CHAL \u00e0 Contamines sur Arve.<\/strong> Je vous le recommande les yeux ferm\u00e9s.<\/p>\n\n\n\n<p><a href=\"https:\/\/ch-alpes-leman.fr\/soins\/medecine-du-voyage\/\">https:\/\/ch-alpes-leman.fr\/soins\/medecine-du-voyage\/<\/a><\/p>\n\n\n\n<blockquote class=\"wp-block-quote has-text-align-center is-style-large\"><p>Une vraie mine d&rsquo;or, et une r\u00e9flexion approfondie suivant les pays travers\u00e9s, la dur\u00e9e envisag\u00e9e, la p\u00e9riode choisie et selon si le voyage se r\u00e9alise avec votre tribu.<\/p><\/blockquote>\n\n\n\n<p><\/p>\n\n\n\n<figure class=\"wp-block-image size-large is-style-default\"><img loading=\"lazy\" width=\"1024\" height=\"576\" src=\"https:\/\/matribu.sygraf.fr\/wp-content\/uploads\/2022\/02\/shutterstock_1043494012_1200x675-min-1024x576.jpg\" alt=\"\" class=\"wp-image-522\" srcset=\"https:\/\/matribu.sygraf.fr\/wp-content\/uploads\/2022\/02\/shutterstock_1043494012_1200x675-min-1024x576.jpg 1024w, https:\/\/matribu.sygraf.fr\/wp-content\/uploads\/2022\/02\/shutterstock_1043494012_1200x675-min-300x169.jpg 300w, https:\/\/matribu.sygraf.fr\/wp-content\/uploads\/2022\/02\/shutterstock_1043494012_1200x675-min-768x432.jpg 768w, https:\/\/matribu.sygraf.fr\/wp-content\/uploads\/2022\/02\/shutterstock_1043494012_1200x675-min-421x237.jpg 421w, https:\/\/matribu.sygraf.fr\/wp-content\/uploads\/2022\/02\/shutterstock_1043494012_1200x675-min.jpg 1200w\" sizes=\"(max-width: 1024px) 100vw, 1024px\" \/><\/figure>\n\n\n\n<p>Dans notre cas, et au vue des conditions sanitaires actuelles, nous avons pris la d\u00e9cision en accord avec le m\u00e9decin de se faire vacciner contre :<\/p>\n\n\n\n<ul><li>La fi\u00e8vre jaune, le papier jaune obligatoire<\/li><li>Le thyphus<\/li><li>L&rsquo;h\u00e9patite A<\/li><\/ul>\n\n\n\n<p>A cela s&rsquo;ajouteront les comprim\u00e9s contre le paludisme, notamment durant notre s\u00e9jour en Amazonie. Sachez que seul le vaccin de la fi\u00e8vre jaune ne peut \u00eatre r\u00e9alis\u00e9 en h\u00f4pital. Les autres sont disponibles sur commande aupr\u00e8s des pharmacies. A vous de voir, car les tarifs peuvent \u00eatre tr\u00e8s nettement moindres en pharmacie.<\/p>\n\n\n\n<p>La partie vaccin est celle la plus d\u00e9velopp\u00e9e par le m\u00e9decin, mais aussi d&rsquo;autres risques comme les maux de voyage, la rage&#8230; bah oui les enfants, il faudra \u00e9viter de caresser les animaux&#8230;et bien d&rsquo;autres risques que je ne pr\u00e9f\u00e8re pas d\u00e9velopper, car sinon vous h\u00e9siterez peut-\u00eatre \u00e0 partir de chez vous.<\/p>\n\n\n\n<p><\/p>\n","protected":false},"excerpt":{"rendered":"<p>Voyage et vaccins Alors, je sais tr\u00e8s bien que le mot \u00ab\u00a0vaccin\u00a0\u00bb est bien d&rsquo;actualit\u00e9 de nos jours. N\u00e9anmoins, partir vers d&rsquo;autres contr\u00e9es nous am\u00e8nent &hellip;<\/p>\n","protected":false},"author":1,"featured_media":315,"parent":0,"menu_order":0,"comment_status":"closed","ping_status":"closed","template":"","meta":[],"_links":{"self":[{"href":"https:\/\/matribu.sygraf.fr\/index.php?rest_route=\/wp\/v2\/pages\/561"}],"collection":[{"href":"https:\/\/matribu.sygraf.fr\/index.php?rest_route=\/wp\/v2\/pages"}],"about":[{"href":"https:\/\/matribu.sygraf.fr\/index.php?rest_route=\/wp\/v2\/types\/page"}],"author":[{"embeddable":true,"href":"https:\/\/matribu.sygraf.fr\/index.php?rest_route=\/wp\/v2\/users\/1"}],"replies":[{"embeddable":true,"href":"https:\/\/matribu.sygraf.fr\/index.php?rest_route=%2Fwp%2Fv2%2Fcomments&post=561"}],"version-history":[{"count":3,"href":"https:\/\/matribu.sygraf.fr\/index.php?rest_route=\/wp\/v2\/pages\/561\/revisions"}],"predecessor-version":[{"id":583,"href":"https:\/\/matribu.sygraf.fr\/index.php?rest_route=\/wp\/v2\/pages\/561\/revisions\/583"}],"wp:featuredmedia":[{"embeddable":true,"href":"https:\/\/matribu.sygraf.fr\/index.php?rest_route=\/wp\/v2\/media\/315"}],"wp:attachment":[{"href":"https:\/\/matribu.sygraf.fr\/index.php?rest_route=%2Fwp%2Fv2%2Fmedia&parent=561"}],"curies":[{"name":"wp","href":"https:\/\/api.w.org\/{rel}","templated":true}]}}