{"id":568,"date":"2022-02-22T06:48:48","date_gmt":"2022-02-22T05:48:48","guid":{"rendered":"https:\/\/matribu.sygraf.fr\/?page_id=568"},"modified":"2022-02-22T06:49:37","modified_gmt":"2022-02-22T05:49:37","slug":"preparation-du-matos","status":"publish","type":"page","link":"https:\/\/matribu.sygraf.fr\/?page_id=568","title":{"rendered":"Matos"},"content":{"rendered":"\n<p class=\"has-accent-1-color has-text-color has-large-font-size\"><strong>Pr\u00e9paration du matos<\/strong><\/p>\n\n\n\n<p><strong>Pr\u00e9parer les affaires est une phase importante en amont du voyage, d&rsquo;autant plus lorsque nous partons en famille<\/strong>. Chacun de nous aura son propre sac \u00e0 dos, adapt\u00e9 \u00e0 sa morphologie.<\/p>\n\n\n\n<p>Pour la plupart des affaires, nous avions d\u00e9j\u00e0 pas mal de matos \u00e9tant donn\u00e9 que nous pratiquons plusieurs activit\u00e9s. Il ne restait donc plus qu&rsquo;\u00e0 trouver les derniers \u00e9l\u00e9ments indispensables pour notre aventure. Certaines enseignes typ\u00e9es montagnes ont \u00e9t\u00e9 les lieux de pr\u00e9dilection, ou d&rsquo;autres enseignes plus g\u00e9n\u00e9rales, notamment pour les enfants. J&rsquo;ai aussi achet\u00e9 des v\u00eatements techniques sur Vinted, achat garanti.<\/p>\n\n\n\n<p><strong>Quelques semaines avant la date de d\u00e9part, nous avons pu essayer le matos de chacun. Etape cl\u00e9, pour commencer un voyage de plusieurs mois.<\/strong><\/p>\n\n\n\n<p>J&rsquo;ai toujours le souvenir en t\u00eate, lorsque nous avions fait le GR20 en Corse avec Matt, une personne arrivant au premier refuge les pieds en sang. Je me suis toujours dit : \u00ab\u00a0\u00c7a ne m&rsquo;arrivera jamais!\u00a0\u00bb<\/p>\n\n\n\n<p>Etre bien \u00e9quip\u00e9 de la t\u00eate aux pieds, contribue \u00e0 une aventure beaucoup moins n\u00e9faste physiquement et psychologiquement. Des surprises, nous en rencontreront sur la route, alors limiter celles qui peuvent \u00eatre douloureuses, c&rsquo;est encore mieux.<\/p>\n\n\n\n<div class=\"wp-block-columns\">\n<div class=\"wp-block-column\">\n<figure class=\"wp-block-image size-large\"><img loading=\"lazy\" width=\"768\" height=\"1024\" src=\"https:\/\/matribu.sygraf.fr\/wp-content\/uploads\/2022\/01\/affaires-2-768x1024.jpg\" alt=\"\" class=\"wp-image-268\" srcset=\"https:\/\/matribu.sygraf.fr\/wp-content\/uploads\/2022\/01\/affaires-2-768x1024.jpg 768w, https:\/\/matribu.sygraf.fr\/wp-content\/uploads\/2022\/01\/affaires-2-225x300.jpg 225w, https:\/\/matribu.sygraf.fr\/wp-content\/uploads\/2022\/01\/affaires-2-1152x1536.jpg 1152w, https:\/\/matribu.sygraf.fr\/wp-content\/uploads\/2022\/01\/affaires-2-1536x2048.jpg 1536w, https:\/\/matribu.sygraf.fr\/wp-content\/uploads\/2022\/01\/affaires-2-scaled.jpg 1920w\" sizes=\"(max-width: 768px) 100vw, 768px\" \/><\/figure>\n<\/div>\n\n\n\n<div class=\"wp-block-column\">\n<figure class=\"wp-block-image size-large\"><img loading=\"lazy\" width=\"1024\" height=\"768\" src=\"https:\/\/matribu.sygraf.fr\/wp-content\/uploads\/2022\/01\/affaires-1-1024x768.jpg\" alt=\"\" class=\"wp-image-270\" srcset=\"https:\/\/matribu.sygraf.fr\/wp-content\/uploads\/2022\/01\/affaires-1-1024x768.jpg 1024w, https:\/\/matribu.sygraf.fr\/wp-content\/uploads\/2022\/01\/affaires-1-300x225.jpg 300w, https:\/\/matribu.sygraf.fr\/wp-content\/uploads\/2022\/01\/affaires-1-768x576.jpg 768w, https:\/\/matribu.sygraf.fr\/wp-content\/uploads\/2022\/01\/affaires-1-1536x1152.jpg 1536w, https:\/\/matribu.sygraf.fr\/wp-content\/uploads\/2022\/01\/affaires-1-2048x1536.jpg 2048w, https:\/\/matribu.sygraf.fr\/wp-content\/uploads\/2022\/01\/affaires-1-400x300.jpg 400w\" sizes=\"(max-width: 1024px) 100vw, 1024px\" \/><\/figure>\n\n\n\n<p>Ce que vous voyez ici, repr\u00e9sente les affaires pour moi-m\u00eame et les deux enfants. Je n&rsquo;ai pas pu vous pr\u00e9senter les affaires de matt, car ce week-end l\u00e0, il faisait du ski de rando. Du coup, la majeure partie de son matos \u00e9tait avec lui.<\/p>\n<\/div>\n<\/div>\n\n\n\n<div class=\"wp-block-image is-style-default\"><figure class=\"aligncenter size-large\"><img loading=\"lazy\" width=\"724\" height=\"1024\" src=\"https:\/\/matribu.sygraf.fr\/wp-content\/uploads\/2022\/01\/Liste-des-affaires-724x1024.jpg\" alt=\"\" class=\"wp-image-267\" srcset=\"https:\/\/matribu.sygraf.fr\/wp-content\/uploads\/2022\/01\/Liste-des-affaires-724x1024.jpg 724w, https:\/\/matribu.sygraf.fr\/wp-content\/uploads\/2022\/01\/Liste-des-affaires-212x300.jpg 212w, https:\/\/matribu.sygraf.fr\/wp-content\/uploads\/2022\/01\/Liste-des-affaires-768x1086.jpg 768w, https:\/\/matribu.sygraf.fr\/wp-content\/uploads\/2022\/01\/Liste-des-affaires-1086x1536.jpg 1086w, https:\/\/matribu.sygraf.fr\/wp-content\/uploads\/2022\/01\/Liste-des-affaires-1448x2048.jpg 1448w, https:\/\/matribu.sygraf.fr\/wp-content\/uploads\/2022\/01\/Liste-des-affaires-scaled.jpg 1810w\" sizes=\"(max-width: 724px) 100vw, 724px\" \/><\/figure><\/div>\n","protected":false},"excerpt":{"rendered":"<p>Pr\u00e9paration du matos Pr\u00e9parer les affaires est une phase importante en amont du voyage, d&rsquo;autant plus lorsque nous partons en famille. Chacun de nous aura &hellip;<\/p>\n","protected":false},"author":1,"featured_media":268,"parent":0,"menu_order":0,"comment_status":"closed","ping_status":"closed","template":"","meta":[],"_links":{"self":[{"href":"https:\/\/matribu.sygraf.fr\/index.php?rest_route=\/wp\/v2\/pages\/568"}],"collection":[{"href":"https:\/\/matribu.sygraf.fr\/index.php?rest_route=\/wp\/v2\/pages"}],"about":[{"href":"https:\/\/matribu.sygraf.fr\/index.php?rest_route=\/wp\/v2\/types\/page"}],"author":[{"embeddable":true,"href":"https:\/\/matribu.sygraf.fr\/index.php?rest_route=\/wp\/v2\/users\/1"}],"replies":[{"embeddable":true,"href":"https:\/\/matribu.sygraf.fr\/index.php?rest_route=%2Fwp%2Fv2%2Fcomments&post=568"}],"version-history":[{"count":2,"href":"https:\/\/matribu.sygraf.fr\/index.php?rest_route=\/wp\/v2\/pages\/568\/revisions"}],"predecessor-version":[{"id":570,"href":"https:\/\/matribu.sygraf.fr\/index.php?rest_route=\/wp\/v2\/pages\/568\/revisions\/570"}],"wp:featuredmedia":[{"embeddable":true,"href":"https:\/\/matribu.sygraf.fr\/index.php?rest_route=\/wp\/v2\/media\/268"}],"wp:attachment":[{"href":"https:\/\/matribu.sygraf.fr\/index.php?rest_route=%2Fwp%2Fv2%2Fmedia&parent=568"}],"curies":[{"name":"wp","href":"https:\/\/api.w.org\/{rel}","templated":true}]}}