{"id":571,"date":"2022-02-22T06:51:51","date_gmt":"2022-02-22T05:51:51","guid":{"rendered":"https:\/\/matribu.sygraf.fr\/?page_id=571"},"modified":"2022-02-22T06:59:21","modified_gmt":"2022-02-22T05:59:21","slug":"fuseau-horaires","status":"publish","type":"page","link":"https:\/\/matribu.sygraf.fr\/?page_id=571","title":{"rendered":"Fuseau horaires"},"content":{"rendered":"\n<p class=\"has-accent-1-color has-text-color has-large-font-size\"><strong>Fuseau horaires<\/strong><\/p>\n\n\n\n<figure class=\"wp-block-image size-large is-style-default\"><img loading=\"lazy\" width=\"1024\" height=\"552\" src=\"https:\/\/matribu.sygraf.fr\/wp-content\/uploads\/2022\/02\/Carte-fuseau-horaire-monde-1024x552.png\" alt=\"\" class=\"wp-image-364\" srcset=\"https:\/\/matribu.sygraf.fr\/wp-content\/uploads\/2022\/02\/Carte-fuseau-horaire-monde-1024x552.png 1024w, https:\/\/matribu.sygraf.fr\/wp-content\/uploads\/2022\/02\/Carte-fuseau-horaire-monde-300x162.png 300w, https:\/\/matribu.sygraf.fr\/wp-content\/uploads\/2022\/02\/Carte-fuseau-horaire-monde-768x414.png 768w, https:\/\/matribu.sygraf.fr\/wp-content\/uploads\/2022\/02\/Carte-fuseau-horaire-monde-1536x828.png 1536w, https:\/\/matribu.sygraf.fr\/wp-content\/uploads\/2022\/02\/Carte-fuseau-horaire-monde-421x227.png 421w, https:\/\/matribu.sygraf.fr\/wp-content\/uploads\/2022\/02\/Carte-fuseau-horaire-monde.png 1920w\" sizes=\"(max-width: 1024px) 100vw, 1024px\" \/><figcaption>Alors si vous \u00eates comme moi, j&rsquo;ai toujours du mal \u00e0 savoir l&rsquo;heure qu&rsquo;il sera au P\u00e9rou, Colombie&#8230;<br>En clair, quand on passe d&rsquo;un&nbsp;<strong>fuseau<\/strong>&nbsp;\u00e0 un autre en allant vers l&rsquo;est, on avance sa montre d&rsquo;une&nbsp;<strong>heure<\/strong>&nbsp;(+1). Inversement, quand on se d\u00e9place vers l&rsquo;ouest, on la retarde d&rsquo;une&nbsp;<strong>heure<\/strong>&nbsp;(-1)<br>Du coup, lorsqu&rsquo;il sera 12h00 en France, au P\u00e9rou, il sera 7 heures du matin pour nous.<br><br>Ne soyez donc pas surpris si nous ne vous donnons pas de nouvelles dans la foul\u00e9e. <\/figcaption><\/figure>\n\n\n\n<blockquote class=\"wp-block-quote has-text-align-center is-style-large\"><p>A nous donc de nous adapter \u00e0 un autre rythme de vie.<\/p><\/blockquote>\n","protected":false},"excerpt":{"rendered":"<p>Fuseau horaires A nous donc de nous adapter \u00e0 un autre rythme de vie.<\/p>\n","protected":false},"author":1,"featured_media":572,"parent":0,"menu_order":0,"comment_status":"closed","ping_status":"closed","template":"","meta":[],"_links":{"self":[{"href":"https:\/\/matribu.sygraf.fr\/index.php?rest_route=\/wp\/v2\/pages\/571"}],"collection":[{"href":"https:\/\/matribu.sygraf.fr\/index.php?rest_route=\/wp\/v2\/pages"}],"about":[{"href":"https:\/\/matribu.sygraf.fr\/index.php?rest_route=\/wp\/v2\/types\/page"}],"author":[{"embeddable":true,"href":"https:\/\/matribu.sygraf.fr\/index.php?rest_route=\/wp\/v2\/users\/1"}],"replies":[{"embeddable":true,"href":"https:\/\/matribu.sygraf.fr\/index.php?rest_route=%2Fwp%2Fv2%2Fcomments&post=571"}],"version-history":[{"count":2,"href":"https:\/\/matribu.sygraf.fr\/index.php?rest_route=\/wp\/v2\/pages\/571\/revisions"}],"predecessor-version":[{"id":582,"href":"https:\/\/matribu.sygraf.fr\/index.php?rest_route=\/wp\/v2\/pages\/571\/revisions\/582"}],"wp:featuredmedia":[{"embeddable":true,"href":"https:\/\/matribu.sygraf.fr\/index.php?rest_route=\/wp\/v2\/media\/572"}],"wp:attachment":[{"href":"https:\/\/matribu.sygraf.fr\/index.php?rest_route=%2Fwp%2Fv2%2Fmedia&parent=571"}],"curies":[{"name":"wp","href":"https:\/\/api.w.org\/{rel}","templated":true}]}}